{"id":2188,"date":"2023-10-15T18:49:57","date_gmt":"2023-10-15T15:49:57","guid":{"rendered":"https:\/\/suncert-marinetech.com\/?page_id=2188"},"modified":"2023-10-16T12:01:05","modified_gmt":"2023-10-16T09:01:05","slug":"partners","status":"publish","type":"page","link":"https:\/\/suncert-marinetech.com\/ro\/partners\/","title":{"rendered":"Parteneri"},"content":{"rendered":"<div data-elementor-type=\"wp-page\" data-elementor-id=\"2188\" class=\"elementor elementor-2188\">\n\t\t\t\t\t\t\t\t\t<section class=\"elementor-section elementor-top-section elementor-element elementor-element-551086b elementor-section-boxed elementor-section-height-default elementor-section-height-default\" data-id=\"551086b\" data-element_type=\"section\">\n\t\t\t\t\t\t<div class=\"elementor-container elementor-column-gap-default\">\n\t\t\t\t\t<div class=\"elementor-column elementor-col-100 elementor-top-column elementor-element elementor-element-4a65805\" data-id=\"4a65805\" data-element_type=\"column\">\n\t\t\t<div class=\"elementor-widget-wrap elementor-element-populated\">\n\t\t\t\t\t\t\t\t<div class=\"elementor-element elementor-element-61ee560 elementor-widget elementor-widget-heading\" data-id=\"61ee560\" data-element_type=\"widget\" data-widget_type=\"heading.default\">\n\t\t\t\t<div class=\"elementor-widget-container\">\n\t\t\t<style>\/*! elementor - v3.16.0 - 17-10-2023 *\/\n.elementor-heading-title{padding:0;margin:0;line-height:1}.elementor-widget-heading .elementor-heading-title[class*=elementor-size-]>a{color:inherit;font-size:inherit;line-height:inherit}.elementor-widget-heading .elementor-heading-title.elementor-size-small{font-size:15px}.elementor-widget-heading .elementor-heading-title.elementor-size-medium{font-size:19px}.elementor-widget-heading .elementor-heading-title.elementor-size-large{font-size:29px}.elementor-widget-heading .elementor-heading-title.elementor-size-xl{font-size:39px}.elementor-widget-heading .elementor-heading-title.elementor-size-xxl{font-size:59px}<\/style><h4 class=\"elementor-heading-title elementor-size-default\">Parteneri<\/h4>\t\t<\/div>\n\t\t\t\t<\/div>\n\t\t\t\t<section class=\"elementor-section elementor-inner-section elementor-element elementor-element-33cc665 elementor-section-boxed elementor-section-height-default elementor-section-height-default\" data-id=\"33cc665\" data-element_type=\"section\">\n\t\t\t\t\t\t<div class=\"elementor-container elementor-column-gap-default\">\n\t\t\t\t\t<div class=\"elementor-column elementor-col-100 elementor-inner-column elementor-element elementor-element-37a9405\" data-id=\"37a9405\" data-element_type=\"column\">\n\t\t\t<div class=\"elementor-widget-wrap elementor-element-populated\">\n\t\t\t\t\t\t\t\t<div class=\"elementor-element elementor-element-ced9e70 elementor-position-left elementor-view-default elementor-mobile-position-top elementor-vertical-align-top elementor-widget elementor-widget-icon-box\" data-id=\"ced9e70\" data-element_type=\"widget\" data-widget_type=\"icon-box.default\">\n\t\t\t\t<div class=\"elementor-widget-container\">\n\t\t\t<link rel=\"stylesheet\" href=\"https:\/\/suncert-marinetech.com\/wp-content\/plugins\/elementor\/assets\/css\/widget-icon-box.min.css\">\t\t<div class=\"elementor-icon-box-wrapper\">\n\t\t\t\t\t\t<div class=\"elementor-icon-box-icon\">\n\t\t\t\t<span  class=\"elementor-icon elementor-animation-\">\n\t\t\t\t<i aria-hidden=\"true\" class=\"fas fa-people-arrows\"><\/i>\t\t\t\t<\/span>\n\t\t\t<\/div>\n\t\t\t\t\t\t<div class=\"elementor-icon-box-content\">\n\t\t\t\t<h3 class=\"elementor-icon-box-title\">\n\t\t\t\t\t<span  >\n\t\t\t\t\t\t\u00cen cur\u00e2nd\t\t\t\t\t<\/span>\n\t\t\t\t<\/h3>\n\t\t\t\t\t\t\t\t\t<p class=\"elementor-icon-box-description\">\n\t\t\t\t\t\tLucr\u0103m la o list\u0103 valid\u0103 de parteneri care s\u0103 ne prezinte portofoliul. R\u0103m\u00e2ne\u021bi la curent cu noi pentru actualiz\u0103ri!\t\t\t\t\t<\/p>\n\t\t\t\t\t\t\t<\/div>\n\t\t<\/div>\n\t\t\t\t<\/div>\n\t\t\t\t<\/div>\n\t\t\t\t\t<\/div>\n\t\t<\/div>\n\t\t\t\t\t\t\t<\/div>\n\t\t<\/section>\n\t\t\t\t\t<\/div>\n\t\t<\/div>\n\t\t\t\t\t\t\t<\/div>\n\t\t<\/section>\n\t\t<div class=\"elementor-element elementor-element-4a5ab9f e-flex e-con-boxed e-con e-parent\" data-id=\"4a5ab9f\" data-element_type=\"container\" data-settings=\"{&quot;content_width&quot;:&quot;boxed&quot;}\" data-core-v316-plus=\"true\">\n\t\t\t\t\t<div class=\"e-con-inner\">\n\t\t\t\t<div class=\"elementor-element elementor-element-266b9e5 elementor-widget elementor-widget-spacer\" data-id=\"266b9e5\" data-element_type=\"widget\" data-widget_type=\"spacer.default\">\n\t\t\t\t<div class=\"elementor-widget-container\">\n\t\t\t<style>\/*! elementor - v3.16.0 - 17-10-2023 *\/\n.elementor-column .elementor-spacer-inner{height:var(--spacer-size)}.e-con{--container-widget-width:100%}.e-con-inner>.elementor-widget-spacer,.e-con>.elementor-widget-spacer{width:var(--container-widget-width,var(--spacer-size));--align-self:var(--container-widget-align-self,initial);--flex-shrink:0}.e-con-inner>.elementor-widget-spacer>.elementor-widget-container,.e-con>.elementor-widget-spacer>.elementor-widget-container{height:100%;width:100%}.e-con-inner>.elementor-widget-spacer>.elementor-widget-container>.elementor-spacer,.e-con>.elementor-widget-spacer>.elementor-widget-container>.elementor-spacer{height:100%}.e-con-inner>.elementor-widget-spacer>.elementor-widget-container>.elementor-spacer>.elementor-spacer-inner,.e-con>.elementor-widget-spacer>.elementor-widget-container>.elementor-spacer>.elementor-spacer-inner{height:var(--container-widget-height,var(--spacer-size))}.e-con-inner>.elementor-widget-spacer.elementor-widget-empty,.e-con>.elementor-widget-spacer.elementor-widget-empty{position:relative;min-height:22px;min-width:22px}.e-con-inner>.elementor-widget-spacer.elementor-widget-empty .elementor-widget-empty-icon,.e-con>.elementor-widget-spacer.elementor-widget-empty .elementor-widget-empty-icon{position:absolute;top:0;bottom:0;left:0;right:0;margin:auto;padding:0;width:22px;height:22px}<\/style>\t\t<div class=\"elementor-spacer\">\n\t\t\t<div class=\"elementor-spacer-inner\"><\/div>\n\t\t<\/div>\n\t\t\t\t<\/div>\n\t\t\t\t<\/div>\n\t\t\t\t\t<\/div>\n\t\t\t\t<\/div>\n\t\t\t\t\t\t\t<\/div>","protected":false},"excerpt":{"rendered":"<p>Partners Coming soon We&#8217;re working on a valid list of partners to portrait our portfolio. Check in soon for updates!<\/p>","protected":false},"author":1,"featured_media":2380,"parent":0,"menu_order":0,"comment_status":"closed","ping_status":"closed","template":"page-templates\/pages.php","meta":{"footnotes":""},"class_list":["post-2188","page","type-page","status-publish","has-post-thumbnail","hentry"],"yoast_head":"<!-- This site is optimized with the Yoast SEO plugin v21.4 - https:\/\/yoast.com\/wordpress\/plugins\/seo\/ -->\n<title>Partners - Sun Cert MarineTech<\/title>\n<meta name=\"robots\" content=\"index, follow, max-snippet:-1, max-image-preview:large, max-video-preview:-1\" \/>\n<link rel=\"canonical\" href=\"https:\/\/suncert-marinetech.com\/ro\/partners\/\" \/>\n<meta property=\"og:locale\" content=\"ro_RO\" \/>\n<meta property=\"og:type\" content=\"article\" \/>\n<meta property=\"og:title\" content=\"Partners - Sun Cert MarineTech\" \/>\n<meta property=\"og:description\" content=\"Partners Coming soon We&#8217;re working on a valid list of partners to portrait our portfolio. Check in soon for updates!\" \/>\n<meta property=\"og:url\" content=\"https:\/\/suncert-marinetech.com\/ro\/partners\/\" \/>\n<meta property=\"og:site_name\" content=\"Sun Cert MarineTech\" \/>\n<meta property=\"article:modified_time\" content=\"2023-10-16T09:01:05+00:00\" \/>\n<meta property=\"og:image\" content=\"https:\/\/suncert-marinetech.com\/wp-content\/uploads\/2023\/10\/home-00-aa1.jpg\" \/>\n\t<meta property=\"og:image:width\" content=\"1440\" \/>\n\t<meta property=\"og:image:height\" content=\"716\" \/>\n\t<meta property=\"og:image:type\" content=\"image\/jpeg\" \/>\n<meta name=\"twitter:card\" content=\"summary_large_image\" \/>\n<meta name=\"twitter:label1\" content=\"Timp estimat pentru citire\" \/>\n\t<meta name=\"twitter:data1\" content=\"1 minut\" \/>\n<script type=\"application\/ld+json\" class=\"yoast-schema-graph\">{\"@context\":\"https:\/\/schema.org\",\"@graph\":[{\"@type\":\"WebPage\",\"@id\":\"https:\/\/suncert-marinetech.com\/partners\/\",\"url\":\"https:\/\/suncert-marinetech.com\/partners\/\",\"name\":\"Partners - Sun Cert MarineTech\",\"isPartOf\":{\"@id\":\"https:\/\/suncert-marinetech.com\/#website\"},\"datePublished\":\"2023-10-15T15:49:57+00:00\",\"dateModified\":\"2023-10-16T09:01:05+00:00\",\"breadcrumb\":{\"@id\":\"https:\/\/suncert-marinetech.com\/partners\/#breadcrumb\"},\"inLanguage\":\"ro-RO\",\"potentialAction\":[{\"@type\":\"ReadAction\",\"target\":[\"https:\/\/suncert-marinetech.com\/partners\/\"]}]},{\"@type\":\"BreadcrumbList\",\"@id\":\"https:\/\/suncert-marinetech.com\/partners\/#breadcrumb\",\"itemListElement\":[{\"@type\":\"ListItem\",\"position\":1,\"name\":\"Home\",\"item\":\"https:\/\/suncert-marinetech.com\/\"},{\"@type\":\"ListItem\",\"position\":2,\"name\":\"Partners\"}]},{\"@type\":\"WebSite\",\"@id\":\"https:\/\/suncert-marinetech.com\/#website\",\"url\":\"https:\/\/suncert-marinetech.com\/\",\"name\":\"Sun Cert MarineTech\",\"description\":\"Marine Technical Services\",\"publisher\":{\"@id\":\"https:\/\/suncert-marinetech.com\/#organization\"},\"potentialAction\":[{\"@type\":\"SearchAction\",\"target\":{\"@type\":\"EntryPoint\",\"urlTemplate\":\"https:\/\/suncert-marinetech.com\/?s={search_term_string}\"},\"query-input\":\"required name=search_term_string\"}],\"inLanguage\":\"ro-RO\"},{\"@type\":\"Organization\",\"@id\":\"https:\/\/suncert-marinetech.com\/#organization\",\"name\":\"Sun Cert MarineTech\",\"url\":\"https:\/\/suncert-marinetech.com\/\",\"logo\":{\"@type\":\"ImageObject\",\"inLanguage\":\"ro-RO\",\"@id\":\"https:\/\/suncert-marinetech.com\/#\/schema\/logo\/image\/\",\"url\":\"https:\/\/suncert-marinetech.com\/wp-content\/uploads\/2023\/10\/logo-marinetech-aa-bb.png\",\"contentUrl\":\"https:\/\/suncert-marinetech.com\/wp-content\/uploads\/2023\/10\/logo-marinetech-aa-bb.png\",\"width\":297,\"height\":242,\"caption\":\"Sun Cert MarineTech\"},\"image\":{\"@id\":\"https:\/\/suncert-marinetech.com\/#\/schema\/logo\/image\/\"}}]}<\/script>\n<!-- \/ Yoast SEO plugin. -->","yoast_head_json":{"title":"Partners - Sun Cert MarineTech","robots":{"index":"index","follow":"follow","max-snippet":"max-snippet:-1","max-image-preview":"max-image-preview:large","max-video-preview":"max-video-preview:-1"},"canonical":"https:\/\/suncert-marinetech.com\/ro\/partners\/","og_locale":"ro_RO","og_type":"article","og_title":"Partners - Sun Cert MarineTech","og_description":"Partners Coming soon We&#8217;re working on a valid list of partners to portrait our portfolio. Check in soon for updates!","og_url":"https:\/\/suncert-marinetech.com\/ro\/partners\/","og_site_name":"Sun Cert MarineTech","article_modified_time":"2023-10-16T09:01:05+00:00","og_image":[{"width":1440,"height":716,"url":"https:\/\/suncert-marinetech.com\/wp-content\/uploads\/2023\/10\/home-00-aa1.jpg","type":"image\/jpeg"}],"twitter_card":"summary_large_image","twitter_misc":{"Timp estimat pentru citire":"1 minut"},"schema":{"@context":"https:\/\/schema.org","@graph":[{"@type":"WebPage","@id":"https:\/\/suncert-marinetech.com\/partners\/","url":"https:\/\/suncert-marinetech.com\/partners\/","name":"Partners - Sun Cert MarineTech","isPartOf":{"@id":"https:\/\/suncert-marinetech.com\/#website"},"datePublished":"2023-10-15T15:49:57+00:00","dateModified":"2023-10-16T09:01:05+00:00","breadcrumb":{"@id":"https:\/\/suncert-marinetech.com\/partners\/#breadcrumb"},"inLanguage":"ro-RO","potentialAction":[{"@type":"ReadAction","target":["https:\/\/suncert-marinetech.com\/partners\/"]}]},{"@type":"BreadcrumbList","@id":"https:\/\/suncert-marinetech.com\/partners\/#breadcrumb","itemListElement":[{"@type":"ListItem","position":1,"name":"Home","item":"https:\/\/suncert-marinetech.com\/"},{"@type":"ListItem","position":2,"name":"Partners"}]},{"@type":"WebSite","@id":"https:\/\/suncert-marinetech.com\/#website","url":"https:\/\/suncert-marinetech.com\/","name":"Sun Cert MarineTech","description":"Marine Technical Services","publisher":{"@id":"https:\/\/suncert-marinetech.com\/#organization"},"potentialAction":[{"@type":"SearchAction","target":{"@type":"EntryPoint","urlTemplate":"https:\/\/suncert-marinetech.com\/?s={search_term_string}"},"query-input":"required name=search_term_string"}],"inLanguage":"ro-RO"},{"@type":"Organization","@id":"https:\/\/suncert-marinetech.com\/#organization","name":"Sun Cert MarineTech","url":"https:\/\/suncert-marinetech.com\/","logo":{"@type":"ImageObject","inLanguage":"ro-RO","@id":"https:\/\/suncert-marinetech.com\/#\/schema\/logo\/image\/","url":"https:\/\/suncert-marinetech.com\/wp-content\/uploads\/2023\/10\/logo-marinetech-aa-bb.png","contentUrl":"https:\/\/suncert-marinetech.com\/wp-content\/uploads\/2023\/10\/logo-marinetech-aa-bb.png","width":297,"height":242,"caption":"Sun Cert MarineTech"},"image":{"@id":"https:\/\/suncert-marinetech.com\/#\/schema\/logo\/image\/"}}]}},"_links":{"self":[{"href":"https:\/\/suncert-marinetech.com\/ro\/wp-json\/wp\/v2\/pages\/2188","targetHints":{"allow":["GET"]}}],"collection":[{"href":"https:\/\/suncert-marinetech.com\/ro\/wp-json\/wp\/v2\/pages"}],"about":[{"href":"https:\/\/suncert-marinetech.com\/ro\/wp-json\/wp\/v2\/types\/page"}],"author":[{"embeddable":true,"href":"https:\/\/suncert-marinetech.com\/ro\/wp-json\/wp\/v2\/users\/1"}],"replies":[{"embeddable":true,"href":"https:\/\/suncert-marinetech.com\/ro\/wp-json\/wp\/v2\/comments?post=2188"}],"version-history":[{"count":5,"href":"https:\/\/suncert-marinetech.com\/ro\/wp-json\/wp\/v2\/pages\/2188\/revisions"}],"predecessor-version":[{"id":2219,"href":"https:\/\/suncert-marinetech.com\/ro\/wp-json\/wp\/v2\/pages\/2188\/revisions\/2219"}],"wp:featuredmedia":[{"embeddable":true,"href":"https:\/\/suncert-marinetech.com\/ro\/wp-json\/wp\/v2\/media\/2380"}],"wp:attachment":[{"href":"https:\/\/suncert-marinetech.com\/ro\/wp-json\/wp\/v2\/media?parent=2188"}],"curies":[{"name":"wp","href":"https:\/\/api.w.org\/{rel}","templated":true}]}}