{"id":2142,"date":"2023-10-15T18:21:31","date_gmt":"2023-10-15T15:21:31","guid":{"rendered":"https:\/\/suncert-marinetech.com\/?page_id=2142"},"modified":"2023-10-16T12:00:34","modified_gmt":"2023-10-16T09:00:34","slug":"technical-ship-management","status":"publish","type":"page","link":"https:\/\/suncert-marinetech.com\/ro\/technical-ship-management\/","title":{"rendered":"Preg\u0103tirea bugetelor navelor \u0219i managementul acestora"},"content":{"rendered":"<div data-elementor-type=\"wp-page\" data-elementor-id=\"2142\" class=\"elementor elementor-2142\">\n\t\t\t\t\t\t\t<div class=\"elementor-element elementor-element-5b7004f e-flex e-con-boxed e-con e-parent\" data-id=\"5b7004f\" data-element_type=\"container\" data-settings=\"{&quot;content_width&quot;:&quot;boxed&quot;}\" data-core-v316-plus=\"true\">\n\t\t\t\t\t<div class=\"e-con-inner\">\n\t\t\t\t<div class=\"elementor-element elementor-element-08ce721 elementor-widget elementor-widget-spacer\" data-id=\"08ce721\" data-element_type=\"widget\" data-widget_type=\"spacer.default\">\n\t\t\t\t<div class=\"elementor-widget-container\">\n\t\t\t<style>\/*! elementor - v3.16.0 - 17-10-2023 *\/\n.elementor-column .elementor-spacer-inner{height:var(--spacer-size)}.e-con{--container-widget-width:100%}.e-con-inner>.elementor-widget-spacer,.e-con>.elementor-widget-spacer{width:var(--container-widget-width,var(--spacer-size));--align-self:var(--container-widget-align-self,initial);--flex-shrink:0}.e-con-inner>.elementor-widget-spacer>.elementor-widget-container,.e-con>.elementor-widget-spacer>.elementor-widget-container{height:100%;width:100%}.e-con-inner>.elementor-widget-spacer>.elementor-widget-container>.elementor-spacer,.e-con>.elementor-widget-spacer>.elementor-widget-container>.elementor-spacer{height:100%}.e-con-inner>.elementor-widget-spacer>.elementor-widget-container>.elementor-spacer>.elementor-spacer-inner,.e-con>.elementor-widget-spacer>.elementor-widget-container>.elementor-spacer>.elementor-spacer-inner{height:var(--container-widget-height,var(--spacer-size))}.e-con-inner>.elementor-widget-spacer.elementor-widget-empty,.e-con>.elementor-widget-spacer.elementor-widget-empty{position:relative;min-height:22px;min-width:22px}.e-con-inner>.elementor-widget-spacer.elementor-widget-empty .elementor-widget-empty-icon,.e-con>.elementor-widget-spacer.elementor-widget-empty .elementor-widget-empty-icon{position:absolute;top:0;bottom:0;left:0;right:0;margin:auto;padding:0;width:22px;height:22px}<\/style>\t\t<div class=\"elementor-spacer\">\n\t\t\t<div class=\"elementor-spacer-inner\"><\/div>\n\t\t<\/div>\n\t\t\t\t<\/div>\n\t\t\t\t<\/div>\n\t\t\t\t<div class=\"elementor-element elementor-element-4a2a326 elementor-widget elementor-widget-heading\" data-id=\"4a2a326\" data-element_type=\"widget\" data-widget_type=\"heading.default\">\n\t\t\t\t<div class=\"elementor-widget-container\">\n\t\t\t<style>\/*! elementor - v3.16.0 - 17-10-2023 *\/\n.elementor-heading-title{padding:0;margin:0;line-height:1}.elementor-widget-heading .elementor-heading-title[class*=elementor-size-]>a{color:inherit;font-size:inherit;line-height:inherit}.elementor-widget-heading .elementor-heading-title.elementor-size-small{font-size:15px}.elementor-widget-heading .elementor-heading-title.elementor-size-medium{font-size:19px}.elementor-widget-heading .elementor-heading-title.elementor-size-large{font-size:29px}.elementor-widget-heading .elementor-heading-title.elementor-size-xl{font-size:39px}.elementor-widget-heading .elementor-heading-title.elementor-size-xxl{font-size:59px}<\/style><h5 class=\"elementor-heading-title elementor-size-default\">Putem oferi proprietarilor de nave solu\u021bii tehnice complete de management al navelor, de la suport tehnic de baz\u0103 \u0219i asisten\u021b\u0103 pentru achizi\u021bii p\u00e2n\u0103 la servicii complete de management tehnic al navelor.<\/h5>\t\t<\/div>\n\t\t\t\t<\/div>\n\t\t\t\t<div class=\"elementor-element elementor-element-0f483c3 elementor-widget elementor-widget-spacer\" data-id=\"0f483c3\" data-element_type=\"widget\" data-widget_type=\"spacer.default\">\n\t\t\t\t<div class=\"elementor-widget-container\">\n\t\t\t\t\t<div class=\"elementor-spacer\">\n\t\t\t<div class=\"elementor-spacer-inner\"><\/div>\n\t\t<\/div>\n\t\t\t\t<\/div>\n\t\t\t\t<\/div>\n\t\t\t\t\t<\/div>\n\t\t\t\t<\/div>\n\t\t\t\t<section class=\"elementor-section elementor-top-section elementor-element elementor-element-f557b42 elementor-section-full_width elementor-section-height-default elementor-section-height-default\" data-id=\"f557b42\" data-element_type=\"section\">\n\t\t\t\t\t\t<div class=\"elementor-container elementor-column-gap-default\">\n\t\t\t\t\t<div class=\"elementor-column elementor-col-100 elementor-top-column elementor-element elementor-element-6d21a48\" data-id=\"6d21a48\" data-element_type=\"column\">\n\t\t\t<div class=\"elementor-widget-wrap elementor-element-populated\">\n\t\t\t\t\t\t\t\t<div class=\"elementor-element elementor-element-9cbf360 elementor-widget elementor-widget-banner\" data-id=\"9cbf360\" data-element_type=\"widget\" data-widget_type=\"banner.default\">\n\t\t\t\t<div class=\"elementor-widget-container\">\n\t\t\t\n        <!-- Start Why Choose Us Area\n    ============================================= -->\n    <div class=\"why-choose-us-area default-padding-bottom bg-cover text-light\" style=\"background-image: url(https:\/\/suncert-marinetech.com\/wp-content\/uploads\/2023\/10\/services-aa-05.jpg);\">\n        <div class=\"container\">\n            <div class=\"inner-items\">\n                <div class=\"row\">\n                    <div class=\"col-lg-7 offset-lg-5\">\n                        <div class=\"info\">\n                            <h2>Suntem specializa\u021bi \u00een:<\/h2>\n                            <p>\n                                \u2022 Tancuri petroliere\n\u2022 Tancuri de produse finite\n\u2022 Tancuri chimice\n\u2022 Nave portcontainer\n\u2022 Vrachiere\n\u2022 Cargouri de m\u0103rfuri generale \n                            <\/p>\n                            <ul>                                <li>\n                                    <h5><\/h5>\n                                    <p>\n                                        Invit\u0103m cu drag Armatorii s\u0103 discute toate posibilit\u0103\u021bile \u0219i op\u021biunile disponibile.                                    <\/p>\n                                <\/li>                            <\/ul>\n                        <\/div>\n                    <\/div>\n                <\/div>\n            <\/div>\n        <\/div>\n    <\/div>\n    <!-- End Why Choose Us Area -->\n\n    \t\t<\/div>\n\t\t\t\t<\/div>\n\t\t\t\t\t<\/div>\n\t\t<\/div>\n\t\t\t\t\t\t\t<\/div>\n\t\t<\/section>\n\t\t<div class=\"elementor-element elementor-element-fc1b563 e-flex e-con-boxed e-con e-parent\" data-id=\"fc1b563\" data-element_type=\"container\" data-settings=\"{&quot;content_width&quot;:&quot;boxed&quot;}\" data-core-v316-plus=\"true\">\n\t\t\t\t\t<div class=\"e-con-inner\">\n\t\t\t\t<div class=\"elementor-element elementor-element-c4987f5 elementor-widget elementor-widget-spacer\" data-id=\"c4987f5\" data-element_type=\"widget\" data-widget_type=\"spacer.default\">\n\t\t\t\t<div class=\"elementor-widget-container\">\n\t\t\t\t\t<div class=\"elementor-spacer\">\n\t\t\t<div class=\"elementor-spacer-inner\"><\/div>\n\t\t<\/div>\n\t\t\t\t<\/div>\n\t\t\t\t<\/div>\n\t\t\t\t<div class=\"elementor-element elementor-element-c53286e elementor-align-center elementor-widget elementor-widget-button\" data-id=\"c53286e\" data-element_type=\"widget\" data-widget_type=\"button.default\">\n\t\t\t\t<div class=\"elementor-widget-container\">\n\t\t\t\t\t<div class=\"elementor-button-wrapper\">\n\t\t\t<a class=\"elementor-button elementor-button-link elementor-size-md\" href=\"\/ro\/contact\/\">\n\t\t\t\t\t\t<span class=\"elementor-button-content-wrapper\">\n\t\t\t\t\t\t<span class=\"elementor-button-icon elementor-align-icon-right\">\n\t\t\t\t<i aria-hidden=\"true\" class=\"fas fa-long-arrow-alt-right\"><\/i>\t\t\t<\/span>\n\t\t\t\t\t\t<span class=\"elementor-button-text\">CONTACT<\/span>\n\t\t<\/span>\n\t\t\t\t\t<\/a>\n\t\t<\/div>\n\t\t\t\t<\/div>\n\t\t\t\t<\/div>\n\t\t\t\t<div class=\"elementor-element elementor-element-6190cf7 elementor-widget elementor-widget-spacer\" data-id=\"6190cf7\" data-element_type=\"widget\" data-widget_type=\"spacer.default\">\n\t\t\t\t<div class=\"elementor-widget-container\">\n\t\t\t\t\t<div class=\"elementor-spacer\">\n\t\t\t<div class=\"elementor-spacer-inner\"><\/div>\n\t\t<\/div>\n\t\t\t\t<\/div>\n\t\t\t\t<\/div>\n\t\t\t\t\t<\/div>\n\t\t\t\t<\/div>\n\t\t\t\t\t\t\t<\/div>","protected":false},"excerpt":{"rendered":"<p>We can provide full technical ship management solutions to shipowners, from basic technical support and purchasing assistance up to full technical ship management services. We are specialized in: \u2022 Crude oil carriers \u2022 Oil tankers \u2022 Product tankers \u2022 Chemical tankers \u2022 General cargo \u2022 Containers \u2022 Bulk carriers We kindly invite the Shipowners to [&hellip;]<\/p>","protected":false},"author":1,"featured_media":2380,"parent":0,"menu_order":0,"comment_status":"closed","ping_status":"closed","template":"page-templates\/pages.php","meta":{"footnotes":""},"class_list":["post-2142","page","type-page","status-publish","has-post-thumbnail","hentry"],"yoast_head":"<!-- This site is optimized with the Yoast SEO plugin v21.4 - https:\/\/yoast.com\/wordpress\/plugins\/seo\/ -->\n<title>Technical ship management - Sun Cert MarineTech<\/title>\n<meta name=\"description\" content=\"Operational and technical issues, control the operating budget of your vessels, arrange and monitor ongoing maintenance.\" \/>\n<meta name=\"robots\" content=\"index, follow, max-snippet:-1, max-image-preview:large, max-video-preview:-1\" \/>\n<link rel=\"canonical\" href=\"https:\/\/suncert-marinetech.com\/ro\/technical-ship-management\/\" \/>\n<meta property=\"og:locale\" content=\"ro_RO\" \/>\n<meta property=\"og:type\" content=\"article\" \/>\n<meta property=\"og:title\" content=\"Technical ship management - Sun Cert MarineTech\" \/>\n<meta property=\"og:description\" content=\"Operational and technical issues, control the operating budget of your vessels, arrange and monitor ongoing maintenance.\" \/>\n<meta property=\"og:url\" content=\"https:\/\/suncert-marinetech.com\/ro\/technical-ship-management\/\" \/>\n<meta property=\"og:site_name\" content=\"Sun Cert MarineTech\" \/>\n<meta property=\"article:modified_time\" content=\"2023-10-16T09:00:34+00:00\" \/>\n<meta property=\"og:image\" content=\"https:\/\/suncert-marinetech.com\/wp-content\/uploads\/2023\/10\/home-00-aa1.jpg\" \/>\n\t<meta property=\"og:image:width\" content=\"1440\" \/>\n\t<meta property=\"og:image:height\" content=\"716\" \/>\n\t<meta property=\"og:image:type\" content=\"image\/jpeg\" \/>\n<meta name=\"twitter:card\" content=\"summary_large_image\" \/>\n<meta name=\"twitter:label1\" content=\"Timp estimat pentru citire\" \/>\n\t<meta name=\"twitter:data1\" content=\"1 minut\" \/>\n<script type=\"application\/ld+json\" class=\"yoast-schema-graph\">{\"@context\":\"https:\/\/schema.org\",\"@graph\":[{\"@type\":\"WebPage\",\"@id\":\"https:\/\/suncert-marinetech.com\/technical-ship-management\/\",\"url\":\"https:\/\/suncert-marinetech.com\/technical-ship-management\/\",\"name\":\"Technical ship management - Sun Cert MarineTech\",\"isPartOf\":{\"@id\":\"https:\/\/suncert-marinetech.com\/#website\"},\"datePublished\":\"2023-10-15T15:21:31+00:00\",\"dateModified\":\"2023-10-16T09:00:34+00:00\",\"description\":\"Operational and technical issues, control the operating budget of your vessels, arrange and monitor ongoing maintenance.\",\"breadcrumb\":{\"@id\":\"https:\/\/suncert-marinetech.com\/technical-ship-management\/#breadcrumb\"},\"inLanguage\":\"ro-RO\",\"potentialAction\":[{\"@type\":\"ReadAction\",\"target\":[\"https:\/\/suncert-marinetech.com\/technical-ship-management\/\"]}]},{\"@type\":\"BreadcrumbList\",\"@id\":\"https:\/\/suncert-marinetech.com\/technical-ship-management\/#breadcrumb\",\"itemListElement\":[{\"@type\":\"ListItem\",\"position\":1,\"name\":\"Home\",\"item\":\"https:\/\/suncert-marinetech.com\/\"},{\"@type\":\"ListItem\",\"position\":2,\"name\":\"Technical ship management\"}]},{\"@type\":\"WebSite\",\"@id\":\"https:\/\/suncert-marinetech.com\/#website\",\"url\":\"https:\/\/suncert-marinetech.com\/\",\"name\":\"Sun Cert MarineTech\",\"description\":\"Marine Technical Services\",\"publisher\":{\"@id\":\"https:\/\/suncert-marinetech.com\/#organization\"},\"potentialAction\":[{\"@type\":\"SearchAction\",\"target\":{\"@type\":\"EntryPoint\",\"urlTemplate\":\"https:\/\/suncert-marinetech.com\/?s={search_term_string}\"},\"query-input\":\"required name=search_term_string\"}],\"inLanguage\":\"ro-RO\"},{\"@type\":\"Organization\",\"@id\":\"https:\/\/suncert-marinetech.com\/#organization\",\"name\":\"Sun Cert MarineTech\",\"url\":\"https:\/\/suncert-marinetech.com\/\",\"logo\":{\"@type\":\"ImageObject\",\"inLanguage\":\"ro-RO\",\"@id\":\"https:\/\/suncert-marinetech.com\/#\/schema\/logo\/image\/\",\"url\":\"https:\/\/suncert-marinetech.com\/wp-content\/uploads\/2023\/10\/logo-marinetech-aa-bb.png\",\"contentUrl\":\"https:\/\/suncert-marinetech.com\/wp-content\/uploads\/2023\/10\/logo-marinetech-aa-bb.png\",\"width\":297,\"height\":242,\"caption\":\"Sun Cert MarineTech\"},\"image\":{\"@id\":\"https:\/\/suncert-marinetech.com\/#\/schema\/logo\/image\/\"}}]}<\/script>\n<!-- \/ Yoast SEO plugin. -->","yoast_head_json":{"title":"Technical ship management - Sun Cert MarineTech","description":"Operational and technical issues, control the operating budget of your vessels, arrange and monitor ongoing maintenance.","robots":{"index":"index","follow":"follow","max-snippet":"max-snippet:-1","max-image-preview":"max-image-preview:large","max-video-preview":"max-video-preview:-1"},"canonical":"https:\/\/suncert-marinetech.com\/ro\/technical-ship-management\/","og_locale":"ro_RO","og_type":"article","og_title":"Technical ship management - Sun Cert MarineTech","og_description":"Operational and technical issues, control the operating budget of your vessels, arrange and monitor ongoing maintenance.","og_url":"https:\/\/suncert-marinetech.com\/ro\/technical-ship-management\/","og_site_name":"Sun Cert MarineTech","article_modified_time":"2023-10-16T09:00:34+00:00","og_image":[{"width":1440,"height":716,"url":"https:\/\/suncert-marinetech.com\/wp-content\/uploads\/2023\/10\/home-00-aa1.jpg","type":"image\/jpeg"}],"twitter_card":"summary_large_image","twitter_misc":{"Timp estimat pentru citire":"1 minut"},"schema":{"@context":"https:\/\/schema.org","@graph":[{"@type":"WebPage","@id":"https:\/\/suncert-marinetech.com\/technical-ship-management\/","url":"https:\/\/suncert-marinetech.com\/technical-ship-management\/","name":"Technical ship management - Sun Cert MarineTech","isPartOf":{"@id":"https:\/\/suncert-marinetech.com\/#website"},"datePublished":"2023-10-15T15:21:31+00:00","dateModified":"2023-10-16T09:00:34+00:00","description":"Operational and technical issues, control the operating budget of your vessels, arrange and monitor ongoing maintenance.","breadcrumb":{"@id":"https:\/\/suncert-marinetech.com\/technical-ship-management\/#breadcrumb"},"inLanguage":"ro-RO","potentialAction":[{"@type":"ReadAction","target":["https:\/\/suncert-marinetech.com\/technical-ship-management\/"]}]},{"@type":"BreadcrumbList","@id":"https:\/\/suncert-marinetech.com\/technical-ship-management\/#breadcrumb","itemListElement":[{"@type":"ListItem","position":1,"name":"Home","item":"https:\/\/suncert-marinetech.com\/"},{"@type":"ListItem","position":2,"name":"Technical ship management"}]},{"@type":"WebSite","@id":"https:\/\/suncert-marinetech.com\/#website","url":"https:\/\/suncert-marinetech.com\/","name":"Sun Cert MarineTech","description":"Marine Technical Services","publisher":{"@id":"https:\/\/suncert-marinetech.com\/#organization"},"potentialAction":[{"@type":"SearchAction","target":{"@type":"EntryPoint","urlTemplate":"https:\/\/suncert-marinetech.com\/?s={search_term_string}"},"query-input":"required name=search_term_string"}],"inLanguage":"ro-RO"},{"@type":"Organization","@id":"https:\/\/suncert-marinetech.com\/#organization","name":"Sun Cert MarineTech","url":"https:\/\/suncert-marinetech.com\/","logo":{"@type":"ImageObject","inLanguage":"ro-RO","@id":"https:\/\/suncert-marinetech.com\/#\/schema\/logo\/image\/","url":"https:\/\/suncert-marinetech.com\/wp-content\/uploads\/2023\/10\/logo-marinetech-aa-bb.png","contentUrl":"https:\/\/suncert-marinetech.com\/wp-content\/uploads\/2023\/10\/logo-marinetech-aa-bb.png","width":297,"height":242,"caption":"Sun Cert MarineTech"},"image":{"@id":"https:\/\/suncert-marinetech.com\/#\/schema\/logo\/image\/"}}]}},"_links":{"self":[{"href":"https:\/\/suncert-marinetech.com\/ro\/wp-json\/wp\/v2\/pages\/2142","targetHints":{"allow":["GET"]}}],"collection":[{"href":"https:\/\/suncert-marinetech.com\/ro\/wp-json\/wp\/v2\/pages"}],"about":[{"href":"https:\/\/suncert-marinetech.com\/ro\/wp-json\/wp\/v2\/types\/page"}],"author":[{"embeddable":true,"href":"https:\/\/suncert-marinetech.com\/ro\/wp-json\/wp\/v2\/users\/1"}],"replies":[{"embeddable":true,"href":"https:\/\/suncert-marinetech.com\/ro\/wp-json\/wp\/v2\/comments?post=2142"}],"version-history":[{"count":11,"href":"https:\/\/suncert-marinetech.com\/ro\/wp-json\/wp\/v2\/pages\/2142\/revisions"}],"predecessor-version":[{"id":2361,"href":"https:\/\/suncert-marinetech.com\/ro\/wp-json\/wp\/v2\/pages\/2142\/revisions\/2361"}],"wp:featuredmedia":[{"embeddable":true,"href":"https:\/\/suncert-marinetech.com\/ro\/wp-json\/wp\/v2\/media\/2380"}],"wp:attachment":[{"href":"https:\/\/suncert-marinetech.com\/ro\/wp-json\/wp\/v2\/media?parent=2142"}],"curies":[{"name":"wp","href":"https:\/\/api.w.org\/{rel}","templated":true}]}}