{"id":2133,"date":"2023-10-15T18:09:05","date_gmt":"2023-10-15T15:09:05","guid":{"rendered":"https:\/\/suncert-marinetech.com\/?page_id=2133"},"modified":"2023-10-16T16:49:14","modified_gmt":"2023-10-16T13:49:14","slug":"dry-docks","status":"publish","type":"page","link":"https:\/\/suncert-marinetech.com\/ro\/dry-docks\/","title":{"rendered":"Repara\u021bii \u00een \u0219antier"},"content":{"rendered":"<div data-elementor-type=\"wp-page\" data-elementor-id=\"2133\" class=\"elementor elementor-2133\">\n\t\t\t\t\t\t\t\t\t<section class=\"elementor-section elementor-top-section elementor-element elementor-element-9c27e3b elementor-section-full_width elementor-section-height-default elementor-section-height-default\" data-id=\"9c27e3b\" data-element_type=\"section\">\n\t\t\t\t\t\t<div class=\"elementor-container elementor-column-gap-no\">\n\t\t\t\t\t<div class=\"elementor-column elementor-col-100 elementor-top-column elementor-element elementor-element-f901fe4\" data-id=\"f901fe4\" data-element_type=\"column\">\n\t\t\t<div class=\"elementor-widget-wrap elementor-element-populated\">\n\t\t\t\t\t\t\t\t<div class=\"elementor-element elementor-element-3dcfbeb elementor-widget elementor-widget-features\" data-id=\"3dcfbeb\" data-element_type=\"widget\" data-widget_type=\"features.default\">\n\t\t\t\t<div class=\"elementor-widget-container\">\n\t\t\t\n        <!-- Start Our Features\n    ============================================= -->\n    <div class=\"features-area bottom-shape-light default-padding bg-gray bottom-less\">\n        <div class=\"container\">\n            <div class=\"row\">\n                <div class=\"col-lg-6 offset-lg-3\">\n                    <div class=\"heading-center text-center\">\n                        <h5>SERVICII<\/h5>\n                        <h2><\/h2>\n                    <\/div>\n                <\/div>\n            <\/div>\n        <\/div>\n        <div class=\"container\">\n            <div class=\"features-items text-center\">\n                <div class=\"row\">\n                                        <!-- Single Item -->\n                    <div class=\"col-lg-4 col-md-6 single-item\">\n                        <div class=\"item\">\n                            <h4>Specifica\u021bii tehnice de repara\u021bii <\/h4>\n                            <i class=\"\"><\/i>\n                            <p>\n                                Preg\u0103tirea specifica\u021biilor tehnice de repara\u021bie - Putem urca la bordul navei dumneavoastr\u0103 pentru o inspec\u021bie complet\u0103 \u00eenainte de andocare.                             <\/p>\n                                                    <\/div>\n                    <\/div>\n                    <!-- End Single Item -->                    <!-- Single Item -->\n                    <div class=\"col-lg-4 col-md-6 single-item\">\n                        <div class=\"item\">\n                            <h4>Specifica\u021bii detaliate<\/h4>\n                            <i class=\"\"><\/i>\n                            <p>\n                                Pe baza acestui lucru \u0219i cu informa\u021biile primite de la comandantul\/inginerul \u0219ef al navei dumneavoastr\u0103 \u0219i\/sau de la superintendentul navei, putem preg\u0103ti specifica\u021bii complete \u0219i detaliate de repara\u021bie\/\u00eentre\u021binere.                             <\/p>\n                                                    <\/div>\n                    <\/div>\n                    <!-- End Single Item -->                    <!-- Single Item -->\n                    <div class=\"col-lg-4 col-md-6 single-item\">\n                        <div class=\"item\">\n                            <h4>Precizia datelor<\/h4>\n                            <i class=\"\"><\/i>\n                            <p>\n                                \u00cempreun\u0103 cu partenerii no\u0219tri, v\u0103 putem oferi \u0219i m\u0103sur\u0103tori de grosime pentru re\u00eennoirea o\u021belului \u0219i inspec\u021bii subacvatice pentru a evalua dac\u0103 exist\u0103 probleme sub linia de plutire.                            <\/p>\n                                                    <\/div>\n                    <\/div>\n                    <!-- End Single Item -->                <\/div>\n            <\/div>\n        <\/div>\n    <\/div>\n    <!-- End Our Features -->\n\n    \t\t<\/div>\n\t\t\t\t<\/div>\n\t\t\t\t\t<\/div>\n\t\t<\/div>\n\t\t\t\t\t\t\t<\/div>\n\t\t<\/section>\n\t\t\t\t<section class=\"elementor-section elementor-top-section elementor-element elementor-element-f557b42 elementor-section-full_width elementor-section-height-default elementor-section-height-default\" data-id=\"f557b42\" data-element_type=\"section\">\n\t\t\t\t\t\t<div class=\"elementor-container elementor-column-gap-default\">\n\t\t\t\t\t<div class=\"elementor-column elementor-col-100 elementor-top-column elementor-element elementor-element-6d21a48\" data-id=\"6d21a48\" data-element_type=\"column\">\n\t\t\t<div class=\"elementor-widget-wrap elementor-element-populated\">\n\t\t\t\t\t\t\t\t<div class=\"elementor-element elementor-element-9cbf360 elementor-widget elementor-widget-banner\" data-id=\"9cbf360\" data-element_type=\"widget\" data-widget_type=\"banner.default\">\n\t\t\t\t<div class=\"elementor-widget-container\">\n\t\t\t\n        <!-- Start Why Choose Us Area\n    ============================================= -->\n    <div class=\"why-choose-us-area default-padding-bottom bg-cover text-light\" style=\"background-image: url(https:\/\/suncert-marinetech.com\/wp-content\/uploads\/2023\/10\/services-aa-08.jpg);\">\n        <div class=\"container\">\n            <div class=\"inner-items\">\n                <div class=\"row\">\n                    <div class=\"col-lg-7 offset-lg-5\">\n                        <div class=\"info\">\n                            <h2>\u00centocmirea unei fi\u0219e de compara\u021bie <\/h2>\n                            <p>\n                                Pe baza lucr\u0103rilor planificate, putem \u00eentocmi o fi\u0219\u0103 de compara\u021bie cu cota\u021biile de pre\u021b pentru evaluarea \u0219i selectarea celei mai bune oferte. Cota\u021biile de \u0219antiere vor fi ob\u021binute pe baza avizului de la proprietar\/administrator cu privire la zona de naviga\u021bie a navei \u0219i locul de andocare a\u0219teptat. Putem aranja \u00een numele dumneavoastr\u0103 piese de schimb \u0219i\/sau serviciile necesare. \u00cen cazul \u00een care exist\u0103 o un \u0219antier preselectat pentru andocare, putem supraveghea la fa\u021ba locului repara\u021biile planificate. \n                            <\/p>\n                            <ul>                                <li>\n                                    <h5>Lucr\u0103ri de doc uscat <\/h5>\n                                    <p>\n                                        Supraveghetorii no\u0219tri de \u00eenalt\u0103 calificare sunt gata s\u0103 v\u0103 asiste \u00een docul uscat pentru supravegherea \u0219i execu\u021bia complet\u0103 a docului. Un raport zilnic va fi preg\u0103tit \u0219i transmis pentru referin\u021b\u0103 la sf\u00e2r\u0219itul fiec\u0103rei zile lucr\u0103toare.                                    <\/p>\n                                <\/li>                            <\/ul>\n                        <\/div>\n                    <\/div>\n                <\/div>\n            <\/div>\n        <\/div>\n    <\/div>\n    <!-- End Why Choose Us Area -->\n\n    \t\t<\/div>\n\t\t\t\t<\/div>\n\t\t\t\t\t<\/div>\n\t\t<\/div>\n\t\t\t\t\t\t\t<\/div>\n\t\t<\/section>\n\t\t<div class=\"elementor-element elementor-element-5b7004f e-flex e-con-boxed e-con e-parent\" data-id=\"5b7004f\" data-element_type=\"container\" data-settings=\"{&quot;content_width&quot;:&quot;boxed&quot;}\" data-core-v316-plus=\"true\">\n\t\t\t\t\t<div class=\"e-con-inner\">\n\t\t\t\t<div class=\"elementor-element elementor-element-08ce721 elementor-widget elementor-widget-spacer\" data-id=\"08ce721\" data-element_type=\"widget\" data-widget_type=\"spacer.default\">\n\t\t\t\t<div class=\"elementor-widget-container\">\n\t\t\t<style>\/*! elementor - v3.16.0 - 17-10-2023 *\/\n.elementor-column .elementor-spacer-inner{height:var(--spacer-size)}.e-con{--container-widget-width:100%}.e-con-inner>.elementor-widget-spacer,.e-con>.elementor-widget-spacer{width:var(--container-widget-width,var(--spacer-size));--align-self:var(--container-widget-align-self,initial);--flex-shrink:0}.e-con-inner>.elementor-widget-spacer>.elementor-widget-container,.e-con>.elementor-widget-spacer>.elementor-widget-container{height:100%;width:100%}.e-con-inner>.elementor-widget-spacer>.elementor-widget-container>.elementor-spacer,.e-con>.elementor-widget-spacer>.elementor-widget-container>.elementor-spacer{height:100%}.e-con-inner>.elementor-widget-spacer>.elementor-widget-container>.elementor-spacer>.elementor-spacer-inner,.e-con>.elementor-widget-spacer>.elementor-widget-container>.elementor-spacer>.elementor-spacer-inner{height:var(--container-widget-height,var(--spacer-size))}.e-con-inner>.elementor-widget-spacer.elementor-widget-empty,.e-con>.elementor-widget-spacer.elementor-widget-empty{position:relative;min-height:22px;min-width:22px}.e-con-inner>.elementor-widget-spacer.elementor-widget-empty .elementor-widget-empty-icon,.e-con>.elementor-widget-spacer.elementor-widget-empty .elementor-widget-empty-icon{position:absolute;top:0;bottom:0;left:0;right:0;margin:auto;padding:0;width:22px;height:22px}<\/style>\t\t<div class=\"elementor-spacer\">\n\t\t\t<div class=\"elementor-spacer-inner\"><\/div>\n\t\t<\/div>\n\t\t\t\t<\/div>\n\t\t\t\t<\/div>\n\t\t\t\t<div class=\"elementor-element elementor-element-4a2a326 elementor-widget elementor-widget-heading\" data-id=\"4a2a326\" data-element_type=\"widget\" data-widget_type=\"heading.default\">\n\t\t\t\t<div class=\"elementor-widget-container\">\n\t\t\t<style>\/*! elementor - v3.16.0 - 17-10-2023 *\/\n.elementor-heading-title{padding:0;margin:0;line-height:1}.elementor-widget-heading .elementor-heading-title[class*=elementor-size-]>a{color:inherit;font-size:inherit;line-height:inherit}.elementor-widget-heading .elementor-heading-title.elementor-size-small{font-size:15px}.elementor-widget-heading .elementor-heading-title.elementor-size-medium{font-size:19px}.elementor-widget-heading .elementor-heading-title.elementor-size-large{font-size:29px}.elementor-widget-heading .elementor-heading-title.elementor-size-xl{font-size:39px}.elementor-widget-heading .elementor-heading-title.elementor-size-xxl{font-size:59px}<\/style><h5 class=\"elementor-heading-title elementor-size-default\">NEGOCIERI FINALE DE FACTURARE<\/h5>\t\t<\/div>\n\t\t\t\t<\/div>\n\t\t\t\t<div class=\"elementor-element elementor-element-4c78538 elementor-widget elementor-widget-heading\" data-id=\"4c78538\" data-element_type=\"widget\" data-widget_type=\"heading.default\">\n\t\t\t\t<div class=\"elementor-widget-container\">\n\t\t\t<h5 class=\"elementor-heading-title elementor-size-default\">La finalizarea lucr\u0103rilor de doc, v\u0103 putem asista cu negocierea facturii finale pentru a avea c\u00e2t mai pu\u021bine cheltuieli practic, compar\u00e2nd factura final\u0103 emis\u0103 de \u0219antier cu lista lucr\u0103rilor efectuate \u0219i costul ini\u021bial oferit.<\/h5>\t\t<\/div>\n\t\t\t\t<\/div>\n\t\t\t\t<div class=\"elementor-element elementor-element-0f483c3 elementor-widget elementor-widget-spacer\" data-id=\"0f483c3\" data-element_type=\"widget\" data-widget_type=\"spacer.default\">\n\t\t\t\t<div class=\"elementor-widget-container\">\n\t\t\t\t\t<div class=\"elementor-spacer\">\n\t\t\t<div class=\"elementor-spacer-inner\"><\/div>\n\t\t<\/div>\n\t\t\t\t<\/div>\n\t\t\t\t<\/div>\n\t\t\t\t<div class=\"elementor-element elementor-element-1ae7963 elementor-widget elementor-widget-heading\" data-id=\"1ae7963\" data-element_type=\"widget\" data-widget_type=\"heading.default\">\n\t\t\t\t<div class=\"elementor-widget-container\">\n\t\t\t<h5 class=\"elementor-heading-title elementor-size-default\">PREG\u0102TIREA RAPOARTELOR FINANCIARE \u0218I TEHNICE FINALE<\/h5>\t\t<\/div>\n\t\t\t\t<\/div>\n\t\t\t\t<div class=\"elementor-element elementor-element-4ba3c7d elementor-widget elementor-widget-heading\" data-id=\"4ba3c7d\" data-element_type=\"widget\" data-widget_type=\"heading.default\">\n\t\t\t\t<div class=\"elementor-widget-container\">\n\t\t\t<h5 class=\"elementor-heading-title elementor-size-default\">Dup\u0103 finalizarea lucr\u0103rilor de doc uscat, vom preg\u0103ti \u00een numele dumneavoastr\u0103 un raport financiar \u0219i tehnic final al proiectului.<\/h5>\t\t<\/div>\n\t\t\t\t<\/div>\n\t\t\t\t<div class=\"elementor-element elementor-element-dbd0699 elementor-widget elementor-widget-spacer\" data-id=\"dbd0699\" data-element_type=\"widget\" data-widget_type=\"spacer.default\">\n\t\t\t\t<div class=\"elementor-widget-container\">\n\t\t\t\t\t<div class=\"elementor-spacer\">\n\t\t\t<div class=\"elementor-spacer-inner\"><\/div>\n\t\t<\/div>\n\t\t\t\t<\/div>\n\t\t\t\t<\/div>\n\t\t\t\t<div class=\"elementor-element elementor-element-5ce023d elementor-align-center elementor-widget elementor-widget-button\" data-id=\"5ce023d\" data-element_type=\"widget\" data-widget_type=\"button.default\">\n\t\t\t\t<div class=\"elementor-widget-container\">\n\t\t\t\t\t<div class=\"elementor-button-wrapper\">\n\t\t\t<a class=\"elementor-button elementor-button-link elementor-size-md\" href=\"\/ro\/contact\/\">\n\t\t\t\t\t\t<span class=\"elementor-button-content-wrapper\">\n\t\t\t\t\t\t<span class=\"elementor-button-icon elementor-align-icon-right\">\n\t\t\t\t<i aria-hidden=\"true\" class=\"fas fa-long-arrow-alt-right\"><\/i>\t\t\t<\/span>\n\t\t\t\t\t\t<span class=\"elementor-button-text\">CONTACT<\/span>\n\t\t<\/span>\n\t\t\t\t\t<\/a>\n\t\t<\/div>\n\t\t\t\t<\/div>\n\t\t\t\t<\/div>\n\t\t\t\t<div class=\"elementor-element elementor-element-0aa7387 elementor-widget elementor-widget-spacer\" data-id=\"0aa7387\" data-element_type=\"widget\" data-widget_type=\"spacer.default\">\n\t\t\t\t<div class=\"elementor-widget-container\">\n\t\t\t\t\t<div class=\"elementor-spacer\">\n\t\t\t<div class=\"elementor-spacer-inner\"><\/div>\n\t\t<\/div>\n\t\t\t\t<\/div>\n\t\t\t\t<\/div>\n\t\t\t\t\t<\/div>\n\t\t\t\t<\/div>\n\t\t\t\t\t\t\t<\/div>","protected":false},"excerpt":{"rendered":"<p>SERVICES Technical repair specifications Preparation of technical repair specifications &#8211; We can board your vessel for a full pre-docking inspection. Detailed specifications Based on this and with the informations received from your vessel\u2019s Master\/Chief Engineer and\/or vessel\u2019s Superintendent, we can prepare full, detailed repair\/maintenance specifications. Data accuracy Along with our partners, we can also offer [&hellip;]<\/p>","protected":false},"author":1,"featured_media":2380,"parent":0,"menu_order":0,"comment_status":"closed","ping_status":"closed","template":"page-templates\/pages.php","meta":{"footnotes":""},"class_list":["post-2133","page","type-page","status-publish","has-post-thumbnail","hentry"],"yoast_head":"<!-- This site is optimized with the Yoast SEO plugin v21.4 - https:\/\/yoast.com\/wordpress\/plugins\/seo\/ -->\n<title>Dry docks - Sun Cert MarineTech - Dry Dock Operations<\/title>\n<meta name=\"description\" content=\"Preparation of technical repair specifications - We can board your vessel for a full pre-docking inspection.\" \/>\n<meta name=\"robots\" content=\"index, follow, max-snippet:-1, max-image-preview:large, max-video-preview:-1\" \/>\n<link rel=\"canonical\" href=\"https:\/\/suncert-marinetech.com\/ro\/dry-docks\/\" \/>\n<meta property=\"og:locale\" content=\"ro_RO\" \/>\n<meta property=\"og:type\" content=\"article\" \/>\n<meta property=\"og:title\" content=\"Dry docks - Sun Cert MarineTech - Dry Dock Operations\" \/>\n<meta property=\"og:description\" content=\"Preparation of technical repair specifications - We can board your vessel for a full pre-docking inspection.\" \/>\n<meta property=\"og:url\" content=\"https:\/\/suncert-marinetech.com\/ro\/dry-docks\/\" \/>\n<meta property=\"og:site_name\" content=\"Sun Cert MarineTech\" \/>\n<meta property=\"article:modified_time\" content=\"2023-10-16T13:49:14+00:00\" \/>\n<meta property=\"og:image\" content=\"https:\/\/suncert-marinetech.com\/wp-content\/uploads\/2023\/10\/home-00-aa1.jpg\" \/>\n\t<meta property=\"og:image:width\" content=\"1440\" \/>\n\t<meta property=\"og:image:height\" content=\"716\" \/>\n\t<meta property=\"og:image:type\" content=\"image\/jpeg\" \/>\n<meta name=\"twitter:card\" content=\"summary_large_image\" \/>\n<meta name=\"twitter:label1\" content=\"Timp estimat pentru citire\" \/>\n\t<meta name=\"twitter:data1\" content=\"2 minute\" \/>\n<script type=\"application\/ld+json\" class=\"yoast-schema-graph\">{\"@context\":\"https:\/\/schema.org\",\"@graph\":[{\"@type\":\"WebPage\",\"@id\":\"https:\/\/suncert-marinetech.com\/dry-docks\/\",\"url\":\"https:\/\/suncert-marinetech.com\/dry-docks\/\",\"name\":\"Dry docks - Sun Cert MarineTech - Dry Dock Operations\",\"isPartOf\":{\"@id\":\"https:\/\/suncert-marinetech.com\/#website\"},\"datePublished\":\"2023-10-15T15:09:05+00:00\",\"dateModified\":\"2023-10-16T13:49:14+00:00\",\"description\":\"Preparation of technical repair specifications - We can board your vessel for a full pre-docking inspection.\",\"breadcrumb\":{\"@id\":\"https:\/\/suncert-marinetech.com\/dry-docks\/#breadcrumb\"},\"inLanguage\":\"ro-RO\",\"potentialAction\":[{\"@type\":\"ReadAction\",\"target\":[\"https:\/\/suncert-marinetech.com\/dry-docks\/\"]}]},{\"@type\":\"BreadcrumbList\",\"@id\":\"https:\/\/suncert-marinetech.com\/dry-docks\/#breadcrumb\",\"itemListElement\":[{\"@type\":\"ListItem\",\"position\":1,\"name\":\"Home\",\"item\":\"https:\/\/suncert-marinetech.com\/\"},{\"@type\":\"ListItem\",\"position\":2,\"name\":\"Dry docks\"}]},{\"@type\":\"WebSite\",\"@id\":\"https:\/\/suncert-marinetech.com\/#website\",\"url\":\"https:\/\/suncert-marinetech.com\/\",\"name\":\"Sun Cert MarineTech\",\"description\":\"Marine Technical Services\",\"publisher\":{\"@id\":\"https:\/\/suncert-marinetech.com\/#organization\"},\"potentialAction\":[{\"@type\":\"SearchAction\",\"target\":{\"@type\":\"EntryPoint\",\"urlTemplate\":\"https:\/\/suncert-marinetech.com\/?s={search_term_string}\"},\"query-input\":\"required name=search_term_string\"}],\"inLanguage\":\"ro-RO\"},{\"@type\":\"Organization\",\"@id\":\"https:\/\/suncert-marinetech.com\/#organization\",\"name\":\"Sun Cert MarineTech\",\"url\":\"https:\/\/suncert-marinetech.com\/\",\"logo\":{\"@type\":\"ImageObject\",\"inLanguage\":\"ro-RO\",\"@id\":\"https:\/\/suncert-marinetech.com\/#\/schema\/logo\/image\/\",\"url\":\"https:\/\/suncert-marinetech.com\/wp-content\/uploads\/2023\/10\/logo-marinetech-aa-bb.png\",\"contentUrl\":\"https:\/\/suncert-marinetech.com\/wp-content\/uploads\/2023\/10\/logo-marinetech-aa-bb.png\",\"width\":297,\"height\":242,\"caption\":\"Sun Cert MarineTech\"},\"image\":{\"@id\":\"https:\/\/suncert-marinetech.com\/#\/schema\/logo\/image\/\"}}]}<\/script>\n<!-- \/ Yoast SEO plugin. -->","yoast_head_json":{"title":"Dry docks - Sun Cert MarineTech - Dry Dock Operations","description":"Preparation of technical repair specifications - We can board your vessel for a full pre-docking inspection.","robots":{"index":"index","follow":"follow","max-snippet":"max-snippet:-1","max-image-preview":"max-image-preview:large","max-video-preview":"max-video-preview:-1"},"canonical":"https:\/\/suncert-marinetech.com\/ro\/dry-docks\/","og_locale":"ro_RO","og_type":"article","og_title":"Dry docks - Sun Cert MarineTech - Dry Dock Operations","og_description":"Preparation of technical repair specifications - We can board your vessel for a full pre-docking inspection.","og_url":"https:\/\/suncert-marinetech.com\/ro\/dry-docks\/","og_site_name":"Sun Cert MarineTech","article_modified_time":"2023-10-16T13:49:14+00:00","og_image":[{"width":1440,"height":716,"url":"https:\/\/suncert-marinetech.com\/wp-content\/uploads\/2023\/10\/home-00-aa1.jpg","type":"image\/jpeg"}],"twitter_card":"summary_large_image","twitter_misc":{"Timp estimat pentru citire":"2 minute"},"schema":{"@context":"https:\/\/schema.org","@graph":[{"@type":"WebPage","@id":"https:\/\/suncert-marinetech.com\/dry-docks\/","url":"https:\/\/suncert-marinetech.com\/dry-docks\/","name":"Dry docks - Sun Cert MarineTech - Dry Dock Operations","isPartOf":{"@id":"https:\/\/suncert-marinetech.com\/#website"},"datePublished":"2023-10-15T15:09:05+00:00","dateModified":"2023-10-16T13:49:14+00:00","description":"Preparation of technical repair specifications - We can board your vessel for a full pre-docking inspection.","breadcrumb":{"@id":"https:\/\/suncert-marinetech.com\/dry-docks\/#breadcrumb"},"inLanguage":"ro-RO","potentialAction":[{"@type":"ReadAction","target":["https:\/\/suncert-marinetech.com\/dry-docks\/"]}]},{"@type":"BreadcrumbList","@id":"https:\/\/suncert-marinetech.com\/dry-docks\/#breadcrumb","itemListElement":[{"@type":"ListItem","position":1,"name":"Home","item":"https:\/\/suncert-marinetech.com\/"},{"@type":"ListItem","position":2,"name":"Dry docks"}]},{"@type":"WebSite","@id":"https:\/\/suncert-marinetech.com\/#website","url":"https:\/\/suncert-marinetech.com\/","name":"Sun Cert MarineTech","description":"Marine Technical Services","publisher":{"@id":"https:\/\/suncert-marinetech.com\/#organization"},"potentialAction":[{"@type":"SearchAction","target":{"@type":"EntryPoint","urlTemplate":"https:\/\/suncert-marinetech.com\/?s={search_term_string}"},"query-input":"required name=search_term_string"}],"inLanguage":"ro-RO"},{"@type":"Organization","@id":"https:\/\/suncert-marinetech.com\/#organization","name":"Sun Cert MarineTech","url":"https:\/\/suncert-marinetech.com\/","logo":{"@type":"ImageObject","inLanguage":"ro-RO","@id":"https:\/\/suncert-marinetech.com\/#\/schema\/logo\/image\/","url":"https:\/\/suncert-marinetech.com\/wp-content\/uploads\/2023\/10\/logo-marinetech-aa-bb.png","contentUrl":"https:\/\/suncert-marinetech.com\/wp-content\/uploads\/2023\/10\/logo-marinetech-aa-bb.png","width":297,"height":242,"caption":"Sun Cert MarineTech"},"image":{"@id":"https:\/\/suncert-marinetech.com\/#\/schema\/logo\/image\/"}}]}},"_links":{"self":[{"href":"https:\/\/suncert-marinetech.com\/ro\/wp-json\/wp\/v2\/pages\/2133","targetHints":{"allow":["GET"]}}],"collection":[{"href":"https:\/\/suncert-marinetech.com\/ro\/wp-json\/wp\/v2\/pages"}],"about":[{"href":"https:\/\/suncert-marinetech.com\/ro\/wp-json\/wp\/v2\/types\/page"}],"author":[{"embeddable":true,"href":"https:\/\/suncert-marinetech.com\/ro\/wp-json\/wp\/v2\/users\/1"}],"replies":[{"embeddable":true,"href":"https:\/\/suncert-marinetech.com\/ro\/wp-json\/wp\/v2\/comments?post=2133"}],"version-history":[{"count":11,"href":"https:\/\/suncert-marinetech.com\/ro\/wp-json\/wp\/v2\/pages\/2133\/revisions"}],"predecessor-version":[{"id":2420,"href":"https:\/\/suncert-marinetech.com\/ro\/wp-json\/wp\/v2\/pages\/2133\/revisions\/2420"}],"wp:featuredmedia":[{"embeddable":true,"href":"https:\/\/suncert-marinetech.com\/ro\/wp-json\/wp\/v2\/media\/2380"}],"wp:attachment":[{"href":"https:\/\/suncert-marinetech.com\/ro\/wp-json\/wp\/v2\/media?parent=2133"}],"curies":[{"name":"wp","href":"https:\/\/api.w.org\/{rel}","templated":true}]}}