{"id":2123,"date":"2023-10-15T17:56:42","date_gmt":"2023-10-15T14:56:42","guid":{"rendered":"https:\/\/suncert-marinetech.com\/?page_id=2123"},"modified":"2023-10-16T12:00:24","modified_gmt":"2023-10-16T09:00:24","slug":"ship-repair-supervision","status":"publish","type":"page","link":"https:\/\/suncert-marinetech.com\/ro\/ship-repair-supervision\/","title":{"rendered":"Supraveghere repara\u021bii nave"},"content":{"rendered":"<div data-elementor-type=\"wp-page\" data-elementor-id=\"2123\" class=\"elementor elementor-2123\">\n\t\t\t\t\t\t\t\t\t<section class=\"elementor-section elementor-top-section elementor-element elementor-element-9c27e3b elementor-section-full_width elementor-section-height-default elementor-section-height-default\" data-id=\"9c27e3b\" data-element_type=\"section\">\n\t\t\t\t\t\t<div class=\"elementor-container elementor-column-gap-no\">\n\t\t\t\t\t<div class=\"elementor-column elementor-col-100 elementor-top-column elementor-element elementor-element-f901fe4\" data-id=\"f901fe4\" data-element_type=\"column\">\n\t\t\t<div class=\"elementor-widget-wrap elementor-element-populated\">\n\t\t\t\t\t\t\t\t<div class=\"elementor-element elementor-element-3dcfbeb elementor-widget elementor-widget-features\" data-id=\"3dcfbeb\" data-element_type=\"widget\" data-widget_type=\"features.default\">\n\t\t\t\t<div class=\"elementor-widget-container\">\n\t\t\t\n        <!-- Start Our Features\n    ============================================= -->\n    <div class=\"features-area bottom-shape-light default-padding bg-gray bottom-less\">\n        <div class=\"container\">\n            <div class=\"row\">\n                <div class=\"col-lg-6 offset-lg-3\">\n                    <div class=\"heading-center text-center\">\n                        <h5>SERVICII<\/h5>\n                        <h2><\/h2>\n                    <\/div>\n                <\/div>\n            <\/div>\n        <\/div>\n        <div class=\"container\">\n            <div class=\"features-items text-center\">\n                <div class=\"row\">\n                                        <!-- Single Item -->\n                    <div class=\"col-lg-4 col-md-6 single-item\">\n                        <div class=\"item\">\n                            <h4>Experien\u021b\u0103<\/h4>\n                            <i class=\"\"><\/i>\n                            <p>\n                                Avem o experien\u021b\u0103 constant\u0103 \u00een gestionarea proiectelor de repara\u021bii nave, andocare, modificare \u0219i conversie.                             <\/p>\n                                                    <\/div>\n                    <\/div>\n                    <!-- End Single Item -->                    <!-- Single Item -->\n                    <div class=\"col-lg-4 col-md-6 single-item\">\n                        <div class=\"item\">\n                            <h4>Asisten\u021b\u0103<\/h4>\n                            <i class=\"\"><\/i>\n                            <p>\n                                V\u0103 putem ajuta echipele cu orice problem\u0103 legat\u0103 de repara\u021biile sau \u00eentre\u021binerea, modificarea \u0219i\/sau conversia planificate \u0219i neplanificate.                            <\/p>\n                                                    <\/div>\n                    <\/div>\n                    <!-- End Single Item -->                    <!-- Single Item -->\n                    <div class=\"col-lg-4 col-md-6 single-item\">\n                        <div class=\"item\">\n                            <h4>Exper\u021bi<\/h4>\n                            <i class=\"\"><\/i>\n                            <p>\n                                \u00cen func\u021bie de cerin\u021bele proiectului, avem la dispozi\u021bie exper\u021bi specializa\u021bi care v\u0103 pot oferi asisten\u021b\u0103 de \u00eenalt\u0103 calitate la cel mai bun cost posibil pentru dvs.                            <\/p>\n                                                    <\/div>\n                    <\/div>\n                    <!-- End Single Item -->                <\/div>\n            <\/div>\n        <\/div>\n    <\/div>\n    <!-- End Our Features -->\n\n    \t\t<\/div>\n\t\t\t\t<\/div>\n\t\t\t\t\t<\/div>\n\t\t<\/div>\n\t\t\t\t\t\t\t<\/div>\n\t\t<\/section>\n\t\t\t\t<section class=\"elementor-section elementor-top-section elementor-element elementor-element-f557b42 elementor-section-full_width elementor-section-height-default elementor-section-height-default\" data-id=\"f557b42\" data-element_type=\"section\">\n\t\t\t\t\t\t<div class=\"elementor-container elementor-column-gap-default\">\n\t\t\t\t\t<div class=\"elementor-column elementor-col-100 elementor-top-column elementor-element elementor-element-6d21a48\" data-id=\"6d21a48\" data-element_type=\"column\">\n\t\t\t<div class=\"elementor-widget-wrap elementor-element-populated\">\n\t\t\t\t\t\t\t\t<div class=\"elementor-element elementor-element-9cbf360 elementor-widget elementor-widget-banner\" data-id=\"9cbf360\" data-element_type=\"widget\" data-widget_type=\"banner.default\">\n\t\t\t\t<div class=\"elementor-widget-container\">\n\t\t\t\n        <!-- Start Why Choose Us Area\n    ============================================= -->\n    <div class=\"why-choose-us-area default-padding-bottom bg-cover text-light\" style=\"background-image: url(https:\/\/suncert-marinetech.com\/wp-content\/uploads\/2023\/10\/services-aa-07-1.jpg);\">\n        <div class=\"container\">\n            <div class=\"inner-items\">\n                <div class=\"row\">\n                    <div class=\"col-lg-7 offset-lg-5\">\n                        <div class=\"info\">\n                            <h2>Raportarea zilnic\u0103 a problemelor tehnice<\/h2>\n                            <p>\n                                 \n                            <\/p>\n                            <ul>                                <li>\n                                    <h5><\/h5>\n                                    <p>\n                                        Fiecare proiect va fi finalizat la transmiterea raportului tehnic final.                                    <\/p>\n                                <\/li>                            <\/ul>\n                        <\/div>\n                    <\/div>\n                <\/div>\n            <\/div>\n        <\/div>\n    <\/div>\n    <!-- End Why Choose Us Area -->\n\n    \t\t<\/div>\n\t\t\t\t<\/div>\n\t\t\t\t\t<\/div>\n\t\t<\/div>\n\t\t\t\t\t\t\t<\/div>\n\t\t<\/section>\n\t\t<div class=\"elementor-element elementor-element-df1ac69 e-flex e-con-boxed e-con e-parent\" data-id=\"df1ac69\" data-element_type=\"container\" data-settings=\"{&quot;content_width&quot;:&quot;boxed&quot;}\" data-core-v316-plus=\"true\">\n\t\t\t\t\t<div class=\"e-con-inner\">\n\t\t\t\t<div class=\"elementor-element elementor-element-108a1b6 elementor-widget elementor-widget-spacer\" data-id=\"108a1b6\" data-element_type=\"widget\" data-widget_type=\"spacer.default\">\n\t\t\t\t<div class=\"elementor-widget-container\">\n\t\t\t<style>\/*! elementor - v3.16.0 - 17-10-2023 *\/\n.elementor-column .elementor-spacer-inner{height:var(--spacer-size)}.e-con{--container-widget-width:100%}.e-con-inner>.elementor-widget-spacer,.e-con>.elementor-widget-spacer{width:var(--container-widget-width,var(--spacer-size));--align-self:var(--container-widget-align-self,initial);--flex-shrink:0}.e-con-inner>.elementor-widget-spacer>.elementor-widget-container,.e-con>.elementor-widget-spacer>.elementor-widget-container{height:100%;width:100%}.e-con-inner>.elementor-widget-spacer>.elementor-widget-container>.elementor-spacer,.e-con>.elementor-widget-spacer>.elementor-widget-container>.elementor-spacer{height:100%}.e-con-inner>.elementor-widget-spacer>.elementor-widget-container>.elementor-spacer>.elementor-spacer-inner,.e-con>.elementor-widget-spacer>.elementor-widget-container>.elementor-spacer>.elementor-spacer-inner{height:var(--container-widget-height,var(--spacer-size))}.e-con-inner>.elementor-widget-spacer.elementor-widget-empty,.e-con>.elementor-widget-spacer.elementor-widget-empty{position:relative;min-height:22px;min-width:22px}.e-con-inner>.elementor-widget-spacer.elementor-widget-empty .elementor-widget-empty-icon,.e-con>.elementor-widget-spacer.elementor-widget-empty .elementor-widget-empty-icon{position:absolute;top:0;bottom:0;left:0;right:0;margin:auto;padding:0;width:22px;height:22px}<\/style>\t\t<div class=\"elementor-spacer\">\n\t\t\t<div class=\"elementor-spacer-inner\"><\/div>\n\t\t<\/div>\n\t\t\t\t<\/div>\n\t\t\t\t<\/div>\n\t\t\t\t\t<\/div>\n\t\t\t\t<\/div>\n\t\t<div class=\"elementor-element elementor-element-e997472 e-flex e-con-boxed e-con e-parent\" data-id=\"e997472\" data-element_type=\"container\" data-settings=\"{&quot;content_width&quot;:&quot;boxed&quot;}\" data-core-v316-plus=\"true\">\n\t\t\t\t\t<div class=\"e-con-inner\">\n\t\t\t\t<div class=\"elementor-element elementor-element-de64803 elementor-align-center elementor-widget elementor-widget-button\" data-id=\"de64803\" data-element_type=\"widget\" data-widget_type=\"button.default\">\n\t\t\t\t<div class=\"elementor-widget-container\">\n\t\t\t\t\t<div class=\"elementor-button-wrapper\">\n\t\t\t<a class=\"elementor-button elementor-button-link elementor-size-md\" href=\"\/ro\/contact\/\">\n\t\t\t\t\t\t<span class=\"elementor-button-content-wrapper\">\n\t\t\t\t\t\t<span class=\"elementor-button-icon elementor-align-icon-right\">\n\t\t\t\t<i aria-hidden=\"true\" class=\"fas fa-long-arrow-alt-right\"><\/i>\t\t\t<\/span>\n\t\t\t\t\t\t<span class=\"elementor-button-text\">CONTACT<\/span>\n\t\t<\/span>\n\t\t\t\t\t<\/a>\n\t\t<\/div>\n\t\t\t\t<\/div>\n\t\t\t\t<\/div>\n\t\t\t\t<div class=\"elementor-element elementor-element-a0b00ae elementor-widget elementor-widget-spacer\" data-id=\"a0b00ae\" data-element_type=\"widget\" data-widget_type=\"spacer.default\">\n\t\t\t\t<div class=\"elementor-widget-container\">\n\t\t\t\t\t<div class=\"elementor-spacer\">\n\t\t\t<div class=\"elementor-spacer-inner\"><\/div>\n\t\t<\/div>\n\t\t\t\t<\/div>\n\t\t\t\t<\/div>\n\t\t\t\t\t<\/div>\n\t\t\t\t<\/div>\n\t\t\t\t\t\t\t<\/div>","protected":false},"excerpt":{"rendered":"<p>SERVICES Experience We have consistent experience in ship-repair, dry-docking, modification and conversion project management. Assistance We can assist your teams with any issue related to your planned and unplanned repairs or maintenance, modification and\/or conversion. Experts Depending on the project requirements, we have specialized experts available that can offer high-quality assistance at the best possible [&hellip;]<\/p>","protected":false},"author":1,"featured_media":2380,"parent":0,"menu_order":0,"comment_status":"closed","ping_status":"closed","template":"page-templates\/pages.php","meta":{"footnotes":""},"class_list":["post-2123","page","type-page","status-publish","has-post-thumbnail","hentry"],"yoast_head":"<!-- This site is optimized with the Yoast SEO plugin v21.4 - https:\/\/yoast.com\/wordpress\/plugins\/seo\/ -->\n<title>Ship repair supervision - Sun Cert MarineTech<\/title>\n<meta name=\"description\" content=\"We can assist your teams with any issue related to your planned and unplanned repairs or maintenance, modification and\/or conversion.\" \/>\n<meta name=\"robots\" content=\"index, follow, max-snippet:-1, max-image-preview:large, max-video-preview:-1\" \/>\n<link rel=\"canonical\" href=\"https:\/\/suncert-marinetech.com\/ro\/ship-repair-supervision\/\" \/>\n<meta property=\"og:locale\" content=\"ro_RO\" \/>\n<meta property=\"og:type\" content=\"article\" \/>\n<meta property=\"og:title\" content=\"Ship repair supervision - Sun Cert MarineTech\" \/>\n<meta property=\"og:description\" content=\"We can assist your teams with any issue related to your planned and unplanned repairs or maintenance, modification and\/or conversion.\" \/>\n<meta property=\"og:url\" content=\"https:\/\/suncert-marinetech.com\/ro\/ship-repair-supervision\/\" \/>\n<meta property=\"og:site_name\" content=\"Sun Cert MarineTech\" \/>\n<meta property=\"article:modified_time\" content=\"2023-10-16T09:00:24+00:00\" \/>\n<meta property=\"og:image\" content=\"https:\/\/suncert-marinetech.com\/wp-content\/uploads\/2023\/10\/home-00-aa1.jpg\" \/>\n\t<meta property=\"og:image:width\" content=\"1440\" \/>\n\t<meta property=\"og:image:height\" content=\"716\" \/>\n\t<meta property=\"og:image:type\" content=\"image\/jpeg\" \/>\n<meta name=\"twitter:card\" content=\"summary_large_image\" \/>\n<meta name=\"twitter:label1\" content=\"Timp estimat pentru citire\" \/>\n\t<meta name=\"twitter:data1\" content=\"1 minut\" \/>\n<script type=\"application\/ld+json\" class=\"yoast-schema-graph\">{\"@context\":\"https:\/\/schema.org\",\"@graph\":[{\"@type\":\"WebPage\",\"@id\":\"https:\/\/suncert-marinetech.com\/ship-repair-supervision\/\",\"url\":\"https:\/\/suncert-marinetech.com\/ship-repair-supervision\/\",\"name\":\"Ship repair supervision - Sun Cert MarineTech\",\"isPartOf\":{\"@id\":\"https:\/\/suncert-marinetech.com\/#website\"},\"datePublished\":\"2023-10-15T14:56:42+00:00\",\"dateModified\":\"2023-10-16T09:00:24+00:00\",\"description\":\"We can assist your teams with any issue related to your planned and unplanned repairs or maintenance, modification and\/or conversion.\",\"breadcrumb\":{\"@id\":\"https:\/\/suncert-marinetech.com\/ship-repair-supervision\/#breadcrumb\"},\"inLanguage\":\"ro-RO\",\"potentialAction\":[{\"@type\":\"ReadAction\",\"target\":[\"https:\/\/suncert-marinetech.com\/ship-repair-supervision\/\"]}]},{\"@type\":\"BreadcrumbList\",\"@id\":\"https:\/\/suncert-marinetech.com\/ship-repair-supervision\/#breadcrumb\",\"itemListElement\":[{\"@type\":\"ListItem\",\"position\":1,\"name\":\"Home\",\"item\":\"https:\/\/suncert-marinetech.com\/\"},{\"@type\":\"ListItem\",\"position\":2,\"name\":\"Ship repair supervision\"}]},{\"@type\":\"WebSite\",\"@id\":\"https:\/\/suncert-marinetech.com\/#website\",\"url\":\"https:\/\/suncert-marinetech.com\/\",\"name\":\"Sun Cert MarineTech\",\"description\":\"Marine Technical Services\",\"publisher\":{\"@id\":\"https:\/\/suncert-marinetech.com\/#organization\"},\"potentialAction\":[{\"@type\":\"SearchAction\",\"target\":{\"@type\":\"EntryPoint\",\"urlTemplate\":\"https:\/\/suncert-marinetech.com\/?s={search_term_string}\"},\"query-input\":\"required name=search_term_string\"}],\"inLanguage\":\"ro-RO\"},{\"@type\":\"Organization\",\"@id\":\"https:\/\/suncert-marinetech.com\/#organization\",\"name\":\"Sun Cert MarineTech\",\"url\":\"https:\/\/suncert-marinetech.com\/\",\"logo\":{\"@type\":\"ImageObject\",\"inLanguage\":\"ro-RO\",\"@id\":\"https:\/\/suncert-marinetech.com\/#\/schema\/logo\/image\/\",\"url\":\"https:\/\/suncert-marinetech.com\/wp-content\/uploads\/2023\/10\/logo-marinetech-aa-bb.png\",\"contentUrl\":\"https:\/\/suncert-marinetech.com\/wp-content\/uploads\/2023\/10\/logo-marinetech-aa-bb.png\",\"width\":297,\"height\":242,\"caption\":\"Sun Cert MarineTech\"},\"image\":{\"@id\":\"https:\/\/suncert-marinetech.com\/#\/schema\/logo\/image\/\"}}]}<\/script>\n<!-- \/ Yoast SEO plugin. -->","yoast_head_json":{"title":"Ship repair supervision - Sun Cert MarineTech","description":"We can assist your teams with any issue related to your planned and unplanned repairs or maintenance, modification and\/or conversion.","robots":{"index":"index","follow":"follow","max-snippet":"max-snippet:-1","max-image-preview":"max-image-preview:large","max-video-preview":"max-video-preview:-1"},"canonical":"https:\/\/suncert-marinetech.com\/ro\/ship-repair-supervision\/","og_locale":"ro_RO","og_type":"article","og_title":"Ship repair supervision - Sun Cert MarineTech","og_description":"We can assist your teams with any issue related to your planned and unplanned repairs or maintenance, modification and\/or conversion.","og_url":"https:\/\/suncert-marinetech.com\/ro\/ship-repair-supervision\/","og_site_name":"Sun Cert MarineTech","article_modified_time":"2023-10-16T09:00:24+00:00","og_image":[{"width":1440,"height":716,"url":"https:\/\/suncert-marinetech.com\/wp-content\/uploads\/2023\/10\/home-00-aa1.jpg","type":"image\/jpeg"}],"twitter_card":"summary_large_image","twitter_misc":{"Timp estimat pentru citire":"1 minut"},"schema":{"@context":"https:\/\/schema.org","@graph":[{"@type":"WebPage","@id":"https:\/\/suncert-marinetech.com\/ship-repair-supervision\/","url":"https:\/\/suncert-marinetech.com\/ship-repair-supervision\/","name":"Ship repair supervision - Sun Cert MarineTech","isPartOf":{"@id":"https:\/\/suncert-marinetech.com\/#website"},"datePublished":"2023-10-15T14:56:42+00:00","dateModified":"2023-10-16T09:00:24+00:00","description":"We can assist your teams with any issue related to your planned and unplanned repairs or maintenance, modification and\/or conversion.","breadcrumb":{"@id":"https:\/\/suncert-marinetech.com\/ship-repair-supervision\/#breadcrumb"},"inLanguage":"ro-RO","potentialAction":[{"@type":"ReadAction","target":["https:\/\/suncert-marinetech.com\/ship-repair-supervision\/"]}]},{"@type":"BreadcrumbList","@id":"https:\/\/suncert-marinetech.com\/ship-repair-supervision\/#breadcrumb","itemListElement":[{"@type":"ListItem","position":1,"name":"Home","item":"https:\/\/suncert-marinetech.com\/"},{"@type":"ListItem","position":2,"name":"Ship repair supervision"}]},{"@type":"WebSite","@id":"https:\/\/suncert-marinetech.com\/#website","url":"https:\/\/suncert-marinetech.com\/","name":"Sun Cert MarineTech","description":"Marine Technical Services","publisher":{"@id":"https:\/\/suncert-marinetech.com\/#organization"},"potentialAction":[{"@type":"SearchAction","target":{"@type":"EntryPoint","urlTemplate":"https:\/\/suncert-marinetech.com\/?s={search_term_string}"},"query-input":"required name=search_term_string"}],"inLanguage":"ro-RO"},{"@type":"Organization","@id":"https:\/\/suncert-marinetech.com\/#organization","name":"Sun Cert MarineTech","url":"https:\/\/suncert-marinetech.com\/","logo":{"@type":"ImageObject","inLanguage":"ro-RO","@id":"https:\/\/suncert-marinetech.com\/#\/schema\/logo\/image\/","url":"https:\/\/suncert-marinetech.com\/wp-content\/uploads\/2023\/10\/logo-marinetech-aa-bb.png","contentUrl":"https:\/\/suncert-marinetech.com\/wp-content\/uploads\/2023\/10\/logo-marinetech-aa-bb.png","width":297,"height":242,"caption":"Sun Cert MarineTech"},"image":{"@id":"https:\/\/suncert-marinetech.com\/#\/schema\/logo\/image\/"}}]}},"_links":{"self":[{"href":"https:\/\/suncert-marinetech.com\/ro\/wp-json\/wp\/v2\/pages\/2123","targetHints":{"allow":["GET"]}}],"collection":[{"href":"https:\/\/suncert-marinetech.com\/ro\/wp-json\/wp\/v2\/pages"}],"about":[{"href":"https:\/\/suncert-marinetech.com\/ro\/wp-json\/wp\/v2\/types\/page"}],"author":[{"embeddable":true,"href":"https:\/\/suncert-marinetech.com\/ro\/wp-json\/wp\/v2\/users\/1"}],"replies":[{"embeddable":true,"href":"https:\/\/suncert-marinetech.com\/ro\/wp-json\/wp\/v2\/comments?post=2123"}],"version-history":[{"count":8,"href":"https:\/\/suncert-marinetech.com\/ro\/wp-json\/wp\/v2\/pages\/2123\/revisions"}],"predecessor-version":[{"id":2363,"href":"https:\/\/suncert-marinetech.com\/ro\/wp-json\/wp\/v2\/pages\/2123\/revisions\/2363"}],"wp:featuredmedia":[{"embeddable":true,"href":"https:\/\/suncert-marinetech.com\/ro\/wp-json\/wp\/v2\/media\/2380"}],"wp:attachment":[{"href":"https:\/\/suncert-marinetech.com\/ro\/wp-json\/wp\/v2\/media?parent=2123"}],"curies":[{"name":"wp","href":"https:\/\/api.w.org\/{rel}","templated":true}]}}