{"id":1052,"date":"2022-03-31T06:13:25","date_gmt":"2022-03-31T06:13:25","guid":{"rendered":"https:\/\/wpriverthemes.com\/aveit\/?page_id=1052"},"modified":"2023-10-16T16:42:17","modified_gmt":"2023-10-16T13:42:17","slug":"about-us","status":"publish","type":"page","link":"https:\/\/suncert-marinetech.com\/ro\/about-us\/","title":{"rendered":"Despre noi"},"content":{"rendered":"<div data-elementor-type=\"wp-page\" data-elementor-id=\"1052\" class=\"elementor elementor-1052\">\n\t\t\t\t\t\t\t\t\t<section class=\"elementor-section elementor-top-section elementor-element elementor-element-8de0fb4 elementor-section-full_width elementor-section-height-default elementor-section-height-default\" data-id=\"8de0fb4\" data-element_type=\"section\">\n\t\t\t\t\t\t<div class=\"elementor-container elementor-column-gap-no\">\n\t\t\t\t\t<div class=\"elementor-column elementor-col-100 elementor-top-column elementor-element elementor-element-0d9b246\" data-id=\"0d9b246\" data-element_type=\"column\">\n\t\t\t<div class=\"elementor-widget-wrap elementor-element-populated\">\n\t\t\t\t\t\t\t\t<div class=\"elementor-element elementor-element-1eed513 elementor-widget elementor-widget-about\" data-id=\"1eed513\" data-element_type=\"widget\" data-widget_type=\"about.default\">\n\t\t\t\t<div class=\"elementor-widget-container\">\n\t\t\t\n        <!-- Start About\n    ============================================= -->\n    <div class=\"about-area overflow-hidden default-padding\">\n        <div class=\"container\">\n            <div class=\"about-items\">\n                <div class=\"row align-center\">\n\n                    <!-- Thumb -->\n                    <div class=\"col-lg-6\">\n                        <div class=\"thumb\">\n                            <img decoding=\"async\" src=\"https:\/\/suncert-marinetech.com\/wp-content\/uploads\/2023\/10\/specialised-suncert-marinetech-a02.jpg\" alt=\"Thumb\">\n                            <div class=\"fun-fact\">\n                                <div class=\"counter\">\n                                    <div class=\"timer\" data-to=\"25\" data-speed=\"2000\">25<\/div>\n                                    <div class=\"operator\">ani<\/div>\n                                <\/div>\n                                <span class=\"medium\">experien\u021b\u0103<\/span>\n                            <\/div>\n                        <\/div>\n                    <\/div>\n                    <!-- End Thumb -->\n\n                    <div class=\"col-lg-6\">\n                        <div class=\"content\">\n                            <h2>Dezvoltarea de conexiuni puternice \u0219i solu\u021bii de afaceri<\/h2>\n                            <p>\n                                SUN CERT - MARINETECH a fost \u00eenfiin\u021bat\u0103 cu scopul de a oferi servicii dinamice si eficiente industriei maritime \u00een domeniul nostru de expertiz\u0103. La cererea dumneavoastr\u0103, personalul biroului nostru va fi gata s\u0103 v\u0103 preia navele \u00een toate porturile de pe Coasta M\u0103rii Negre \u0219i suntem gata s\u0103 c\u0103l\u0103torim, dac\u0103 este necesar, \u00een orice alt\u0103 loca\u021bie din UE.                            <\/p>\n                            <ul>\n                                                                <li>\n                                    <h5>Membru fondator<\/h5>\n                                    <p>\n                                        Membrul nostru fondator, \u0218eful Mecanic C\u0103t\u0103lin Niculi\u021b\u0103 este un profesionist maritim foarte calificat \u0219i orientat spre rezultate, cu peste 25 de ani de experien\u021b\u0103 activ\u0103 \u00een industria tancurilor \u0219i implicat \u00een comer\u021bul cu tancuri chimice, petroliere \u0219i chimice \u0219i transportatoare de \u021bi\u021bei. \n                                    <\/p>\n                                <\/li>\n                                                            <li>\n                                    <h5>20 ani pe Mare<\/h5>\n                                    <p>\n                                        Dup\u0103 o carier\u0103 de 20 de ani pe mare, s-a aventurat pe \u021b\u0103rm \u00een 2018, unde a lucrat ca Superintendent Tehnic \u0219i mai t\u00e2rziu ca manager de flot\u0103 pentru c\u00e2\u021biva armatori importan\u021bi, gestion\u00e2nd tancuri generale, dar \u0219i vrachiere, containere \u0219i nave cago generale. \n                                    <\/p>\n                                <\/li>\n                                                        <\/ul>\n                        <\/div>\n                    <\/div>\n<!-- End About Area -->\n\n    \t\t<\/div>\n\t\t\t\t<\/div>\n\t\t\t\t\t<\/div>\n\t\t<\/div>\n\t\t\t\t\t\t\t<\/div>\n\t\t<\/section>\n\t\t\t\t<section class=\"elementor-section elementor-top-section elementor-element elementor-element-6ded1d5 elementor-section-full_width elementor-section-height-default elementor-section-height-default\" data-id=\"6ded1d5\" data-element_type=\"section\">\n\t\t\t\t\t\t<div class=\"elementor-container elementor-column-gap-no\">\n\t\t\t\t\t<div class=\"elementor-column elementor-col-100 elementor-top-column elementor-element elementor-element-04f47b6\" data-id=\"04f47b6\" data-element_type=\"column\">\n\t\t\t<div class=\"elementor-widget-wrap elementor-element-populated\">\n\t\t\t\t\t\t\t\t<div class=\"elementor-element elementor-element-4879a04 elementor-widget elementor-widget-progress\" data-id=\"4879a04\" data-element_type=\"widget\" data-widget_type=\"progress.default\">\n\t\t\t\t<div class=\"elementor-widget-container\">\n\t\t\t<style>\/*! elementor - v3.16.0 - 17-10-2023 *\/\n.elementor-widget-progress{text-align:left}.elementor-progress-wrapper{position:relative;background-color:#eee;color:#fff;height:100%;border-radius:2px}.elementor-progress-bar{display:flex;background-color:#69727d;width:0;font-size:11px;height:30px;line-height:30px;border-radius:2px;transition:width 1s ease-in-out}.elementor-progress-text{flex-grow:1;white-space:nowrap;text-overflow:ellipsis;overflow:hidden;padding-left:15px}.elementor-progress-percentage{padding-right:15px}.elementor-widget-progress .elementor-progress-wrapper.progress-info .elementor-progress-bar{background-color:#5bc0de}.elementor-widget-progress .elementor-progress-wrapper.progress-success .elementor-progress-bar{background-color:#5cb85c}.elementor-widget-progress .elementor-progress-wrapper.progress-warning .elementor-progress-bar{background-color:#f0ad4e}.elementor-widget-progress .elementor-progress-wrapper.progress-danger .elementor-progress-bar{background-color:#d9534f}.elementor-progress .elementor-title{display:block}@media (max-width:767px){.elementor-progress-text{padding-left:10px}}.e-con-inner .elementor-progress-wrapper,.e-con .elementor-progress-wrapper{height:auto}<\/style>\n        <!-- Star Achivement\n    ============================================= -->\n    <div class=\"achivement-area default-padding-bottom\">\n        <!-- Fixed BG -->\n        <div class=\"fixed-bg\">\n            <img decoding=\"async\" src=\"https:\/\/wpriverthemes.com\/aveit\/wp-content\/uploads\/2022\/03\/border-bg.jpg\" alt=\"Shape\">\n        <\/div>\n        <!-- Fixed BG -->\n        <div class=\"container\">\n            <div class=\"row\">\n                <div class=\"col-lg-6 heading-side\">\n                    <h5>EXPER\u021aI \u00ceN DOMENIU<\/h5>\n                    <h2>Solu\u021bii unice pentru afacerea dvs <\/h2>\n                    <p>\n                        \u00cen aceast\u0103 perioad\u0103, membrul nostru fondator s-a implicat activ \u00een: \n                    <\/p>\n                <\/div>\n                <div class=\"col-lg-6 right-content\">\n                    <div class=\"skill-items\">\n                                              <!-- Progress Bar Start -->\n                        <div class=\"progress-box\">\n                            <h5>INSPEC\u021aII TEHNICE DE NAVE<\/h5>\n                            <div class=\"progress\">\n                                <div class=\"progress-bar\" role=\"progressbar\" data-width=\"100\">\n                                    <span>100%<\/span>\n                                <\/div>\n                            <\/div>\n                        <\/div><!-- End Progressbar -->                       <!-- Progress Bar Start -->\n                        <div class=\"progress-box\">\n                            <h5>SUPERINTENDEN\u021aI TEHNICI<\/h5>\n                            <div class=\"progress\">\n                                <div class=\"progress-bar\" role=\"progressbar\" data-width=\"100\">\n                                    <span>100%<\/span>\n                                <\/div>\n                            <\/div>\n                        <\/div><!-- End Progressbar -->                       <!-- Progress Bar Start -->\n                        <div class=\"progress-box\">\n                            <h5>SUPRAVEGHEREA REPARA\u021aII NAVEI<\/h5>\n                            <div class=\"progress\">\n                                <div class=\"progress-bar\" role=\"progressbar\" data-width=\"100\">\n                                    <span>100%<\/span>\n                                <\/div>\n                            <\/div>\n                        <\/div><!-- End Progressbar -->                       <!-- Progress Bar Start -->\n                        <div class=\"progress-box\">\n                            <h5>SERVICII DE MANAGEMENT TEHNIC<\/h5>\n                            <div class=\"progress\">\n                                <div class=\"progress-bar\" role=\"progressbar\" data-width=\"100\">\n                                    <span>100%<\/span>\n                                <\/div>\n                            <\/div>\n                        <\/div><!-- End Progressbar -->                    <\/div>\n                <\/div>\n                \n            <\/div>\n        <\/div>\n    <\/div>\n    <!-- End Achivement Area -->\n\n    \t\t<\/div>\n\t\t\t\t<\/div>\n\t\t\t\t\t<\/div>\n\t\t<\/div>\n\t\t\t\t\t\t\t<\/div>\n\t\t<\/section>\n\t\t<div class=\"elementor-element elementor-element-92839cd e-flex e-con-boxed e-con e-parent\" data-id=\"92839cd\" data-element_type=\"container\" data-settings=\"{&quot;content_width&quot;:&quot;boxed&quot;}\" data-core-v316-plus=\"true\">\n\t\t\t\t\t<div class=\"e-con-inner\">\n\t\t\t\t<div class=\"elementor-element elementor-element-cb01a5e elementor-widget elementor-widget-spacer\" data-id=\"cb01a5e\" data-element_type=\"widget\" data-widget_type=\"spacer.default\">\n\t\t\t\t<div class=\"elementor-widget-container\">\n\t\t\t<style>\/*! elementor - v3.16.0 - 17-10-2023 *\/\n.elementor-column .elementor-spacer-inner{height:var(--spacer-size)}.e-con{--container-widget-width:100%}.e-con-inner>.elementor-widget-spacer,.e-con>.elementor-widget-spacer{width:var(--container-widget-width,var(--spacer-size));--align-self:var(--container-widget-align-self,initial);--flex-shrink:0}.e-con-inner>.elementor-widget-spacer>.elementor-widget-container,.e-con>.elementor-widget-spacer>.elementor-widget-container{height:100%;width:100%}.e-con-inner>.elementor-widget-spacer>.elementor-widget-container>.elementor-spacer,.e-con>.elementor-widget-spacer>.elementor-widget-container>.elementor-spacer{height:100%}.e-con-inner>.elementor-widget-spacer>.elementor-widget-container>.elementor-spacer>.elementor-spacer-inner,.e-con>.elementor-widget-spacer>.elementor-widget-container>.elementor-spacer>.elementor-spacer-inner{height:var(--container-widget-height,var(--spacer-size))}.e-con-inner>.elementor-widget-spacer.elementor-widget-empty,.e-con>.elementor-widget-spacer.elementor-widget-empty{position:relative;min-height:22px;min-width:22px}.e-con-inner>.elementor-widget-spacer.elementor-widget-empty .elementor-widget-empty-icon,.e-con>.elementor-widget-spacer.elementor-widget-empty .elementor-widget-empty-icon{position:absolute;top:0;bottom:0;left:0;right:0;margin:auto;padding:0;width:22px;height:22px}<\/style>\t\t<div class=\"elementor-spacer\">\n\t\t\t<div class=\"elementor-spacer-inner\"><\/div>\n\t\t<\/div>\n\t\t\t\t<\/div>\n\t\t\t\t<\/div>\n\t\t\t\t<div class=\"elementor-element elementor-element-421a69e elementor-icon-list--layout-traditional elementor-list-item-link-full_width elementor-widget elementor-widget-icon-list\" data-id=\"421a69e\" data-element_type=\"widget\" data-widget_type=\"icon-list.default\">\n\t\t\t\t<div class=\"elementor-widget-container\">\n\t\t\t<link rel=\"stylesheet\" href=\"https:\/\/suncert-marinetech.com\/wp-content\/plugins\/elementor\/assets\/css\/widget-icon-list.min.css\">\t\t<ul class=\"elementor-icon-list-items\">\n\t\t\t\t\t\t\t<li class=\"elementor-icon-list-item\">\n\t\t\t\t\t\t\t\t\t\t\t<span class=\"elementor-icon-list-icon\">\n\t\t\t\t\t\t\t<i aria-hidden=\"true\" class=\"fas fa-check\"><\/i>\t\t\t\t\t\t<\/span>\n\t\t\t\t\t\t\t\t\t\t<span class=\"elementor-icon-list-text\">Managementul tehnic al navei<\/span>\n\t\t\t\t\t\t\t\t\t<\/li>\n\t\t\t\t\t\t\t\t<li class=\"elementor-icon-list-item\">\n\t\t\t\t\t\t\t\t\t\t\t<span class=\"elementor-icon-list-icon\">\n\t\t\t\t\t\t\t<i aria-hidden=\"true\" class=\"fas fa-check\"><\/i>\t\t\t\t\t\t<\/span>\n\t\t\t\t\t\t\t\t\t\t<span class=\"elementor-icon-list-text\">Inspec\u021bii \u0219i anchete tehnice<\/span>\n\t\t\t\t\t\t\t\t\t<\/li>\n\t\t\t\t\t\t\t\t<li class=\"elementor-icon-list-item\">\n\t\t\t\t\t\t\t\t\t\t\t<span class=\"elementor-icon-list-icon\">\n\t\t\t\t\t\t\t<i aria-hidden=\"true\" class=\"fas fa-check\"><\/i>\t\t\t\t\t\t<\/span>\n\t\t\t\t\t\t\t\t\t\t<span class=\"elementor-icon-list-text\">Inspec\u021bii \u00eenainte de cump\u0103rare<\/span>\n\t\t\t\t\t\t\t\t\t<\/li>\n\t\t\t\t\t\t\t\t<li class=\"elementor-icon-list-item\">\n\t\t\t\t\t\t\t\t\t\t\t<span class=\"elementor-icon-list-icon\">\n\t\t\t\t\t\t\t<i aria-hidden=\"true\" class=\"fas fa-check\"><\/i>\t\t\t\t\t\t<\/span>\n\t\t\t\t\t\t\t\t\t\t<span class=\"elementor-icon-list-text\">Preg\u0103tirea \u0219i execu\u021bia docurilor uscate<\/span>\n\t\t\t\t\t\t\t\t\t<\/li>\n\t\t\t\t\t\t\t\t<li class=\"elementor-icon-list-item\">\n\t\t\t\t\t\t\t\t\t\t\t<span class=\"elementor-icon-list-icon\">\n\t\t\t\t\t\t\t<i aria-hidden=\"true\" class=\"fas fa-check\"><\/i>\t\t\t\t\t\t<\/span>\n\t\t\t\t\t\t\t\t\t\t<span class=\"elementor-icon-list-text\">Repara\u021bii otel<\/span>\n\t\t\t\t\t\t\t\t\t<\/li>\n\t\t\t\t\t\t\t\t<li class=\"elementor-icon-list-item\">\n\t\t\t\t\t\t\t\t\t\t\t<span class=\"elementor-icon-list-icon\">\n\t\t\t\t\t\t\t<i aria-hidden=\"true\" class=\"fas fa-check\"><\/i>\t\t\t\t\t\t<\/span>\n\t\t\t\t\t\t\t\t\t\t<span class=\"elementor-icon-list-text\">Preg\u0103tirea bugetului \u0219i managementul bugetului<\/span>\n\t\t\t\t\t\t\t\t\t<\/li>\n\t\t\t\t\t\t\t\t<li class=\"elementor-icon-list-item\">\n\t\t\t\t\t\t\t\t\t\t\t<span class=\"elementor-icon-list-icon\">\n\t\t\t\t\t\t\t<i aria-hidden=\"true\" class=\"fas fa-check\"><\/i>\t\t\t\t\t\t<\/span>\n\t\t\t\t\t\t\t\t\t\t<span class=\"elementor-icon-list-text\">Supraveghere major\u0103 a \u00eentre\u021binerii efectuate la bord<\/span>\n\t\t\t\t\t\t\t\t\t<\/li>\n\t\t\t\t\t\t<\/ul>\n\t\t\t\t<\/div>\n\t\t\t\t<\/div>\n\t\t\t\t\t<\/div>\n\t\t\t\t<\/div>\n\t\t<div class=\"elementor-element elementor-element-6d80d1e e-flex e-con-boxed e-con e-parent\" data-id=\"6d80d1e\" data-element_type=\"container\" data-settings=\"{&quot;content_width&quot;:&quot;boxed&quot;}\" data-core-v316-plus=\"true\">\n\t\t\t\t\t<div class=\"e-con-inner\">\n\t\t\t\t<div class=\"elementor-element elementor-element-18304c9 elementor-widget elementor-widget-spacer\" data-id=\"18304c9\" data-element_type=\"widget\" data-widget_type=\"spacer.default\">\n\t\t\t\t<div class=\"elementor-widget-container\">\n\t\t\t\t\t<div class=\"elementor-spacer\">\n\t\t\t<div class=\"elementor-spacer-inner\"><\/div>\n\t\t<\/div>\n\t\t\t\t<\/div>\n\t\t\t\t<\/div>\n\t\t\t\t\t<\/div>\n\t\t\t\t<\/div>\n\t\t<div class=\"elementor-element elementor-element-55f5d96 e-flex e-con-boxed e-con e-parent\" data-id=\"55f5d96\" data-element_type=\"container\" data-settings=\"{&quot;content_width&quot;:&quot;boxed&quot;}\" data-core-v316-plus=\"true\">\n\t\t\t\t\t<div class=\"e-con-inner\">\n\t\t\t\t<div class=\"elementor-element elementor-element-5a8fcb2 elementor-align-center elementor-widget elementor-widget-button\" data-id=\"5a8fcb2\" data-element_type=\"widget\" data-widget_type=\"button.default\">\n\t\t\t\t<div class=\"elementor-widget-container\">\n\t\t\t\t\t<div class=\"elementor-button-wrapper\">\n\t\t\t<a class=\"elementor-button elementor-button-link elementor-size-md\" href=\"\/ro\/contact\/\">\n\t\t\t\t\t\t<span class=\"elementor-button-content-wrapper\">\n\t\t\t\t\t\t<span class=\"elementor-button-icon elementor-align-icon-right\">\n\t\t\t\t<i aria-hidden=\"true\" class=\"fas fa-long-arrow-alt-right\"><\/i>\t\t\t<\/span>\n\t\t\t\t\t\t<span class=\"elementor-button-text\">CONTACT<\/span>\n\t\t<\/span>\n\t\t\t\t\t<\/a>\n\t\t<\/div>\n\t\t\t\t<\/div>\n\t\t\t\t<\/div>\n\t\t\t\t<div class=\"elementor-element elementor-element-b6ff49b elementor-widget elementor-widget-spacer\" data-id=\"b6ff49b\" data-element_type=\"widget\" data-widget_type=\"spacer.default\">\n\t\t\t\t<div class=\"elementor-widget-container\">\n\t\t\t\t\t<div class=\"elementor-spacer\">\n\t\t\t<div class=\"elementor-spacer-inner\"><\/div>\n\t\t<\/div>\n\t\t\t\t<\/div>\n\t\t\t\t<\/div>\n\t\t\t\t\t<\/div>\n\t\t\t\t<\/div>\n\t\t\t\t\t\t\t<\/div>","protected":false},"excerpt":{"rendered":"<p>25 years experience Developing powerful connections &amp; business solutions SUN CERT &#8211; MARINETECH was established with the purpose of providing dynamic and efficient services to the maritime industry within our field of expertise. Upon your request, our office staff will be ready to attend your vessel(s) in all the ports on the Black Sea Coast [&hellip;]<\/p>","protected":false},"author":1,"featured_media":2380,"parent":0,"menu_order":0,"comment_status":"closed","ping_status":"closed","template":"page-templates\/pages.php","meta":{"footnotes":""},"class_list":["post-1052","page","type-page","status-publish","has-post-thumbnail","hentry"],"yoast_head":"<!-- This site is optimized with the Yoast SEO plugin v21.4 - https:\/\/yoast.com\/wordpress\/plugins\/seo\/ -->\n<title>Sun Cert MarineTech - Marine Technical Services by a certified company<\/title>\n<meta name=\"description\" content=\"Specialized in Vessel Inspections and Surveys, Technical Superintendency, Marine Support Repairs and Technical Ship Management.\" \/>\n<meta name=\"robots\" content=\"index, follow, max-snippet:-1, max-image-preview:large, max-video-preview:-1\" \/>\n<link rel=\"canonical\" href=\"https:\/\/suncert-marinetech.com\/ro\/about-us\/\" \/>\n<meta property=\"og:locale\" content=\"ro_RO\" \/>\n<meta property=\"og:type\" content=\"article\" \/>\n<meta property=\"og:title\" content=\"Sun Cert MarineTech - Marine Technical Services by a certified company\" \/>\n<meta property=\"og:description\" content=\"Specialized in Vessel Inspections and Surveys, Technical Superintendency, Marine Support Repairs and Technical Ship Management.\" \/>\n<meta property=\"og:url\" content=\"https:\/\/suncert-marinetech.com\/ro\/about-us\/\" \/>\n<meta property=\"og:site_name\" content=\"Sun Cert MarineTech\" \/>\n<meta property=\"article:modified_time\" content=\"2023-10-16T13:42:17+00:00\" \/>\n<meta property=\"og:image\" content=\"https:\/\/suncert-marinetech.com\/wp-content\/uploads\/2023\/10\/home-00-aa1.jpg\" \/>\n\t<meta property=\"og:image:width\" content=\"1440\" \/>\n\t<meta property=\"og:image:height\" content=\"716\" \/>\n\t<meta property=\"og:image:type\" content=\"image\/jpeg\" \/>\n<meta name=\"twitter:card\" content=\"summary_large_image\" \/>\n<meta name=\"twitter:label1\" content=\"Timp estimat pentru citire\" \/>\n\t<meta name=\"twitter:data1\" content=\"2 minute\" \/>\n<script type=\"application\/ld+json\" class=\"yoast-schema-graph\">{\"@context\":\"https:\/\/schema.org\",\"@graph\":[{\"@type\":\"WebPage\",\"@id\":\"https:\/\/suncert-marinetech.com\/about-us\/\",\"url\":\"https:\/\/suncert-marinetech.com\/about-us\/\",\"name\":\"Sun Cert MarineTech - Marine Technical Services by a certified company\",\"isPartOf\":{\"@id\":\"https:\/\/suncert-marinetech.com\/#website\"},\"datePublished\":\"2022-03-31T06:13:25+00:00\",\"dateModified\":\"2023-10-16T13:42:17+00:00\",\"description\":\"Specialized in Vessel Inspections and Surveys, Technical Superintendency, Marine Support Repairs and Technical Ship Management.\",\"breadcrumb\":{\"@id\":\"https:\/\/suncert-marinetech.com\/about-us\/#breadcrumb\"},\"inLanguage\":\"ro-RO\",\"potentialAction\":[{\"@type\":\"ReadAction\",\"target\":[\"https:\/\/suncert-marinetech.com\/about-us\/\"]}]},{\"@type\":\"BreadcrumbList\",\"@id\":\"https:\/\/suncert-marinetech.com\/about-us\/#breadcrumb\",\"itemListElement\":[{\"@type\":\"ListItem\",\"position\":1,\"name\":\"Home\",\"item\":\"https:\/\/suncert-marinetech.com\/\"},{\"@type\":\"ListItem\",\"position\":2,\"name\":\"About Us\"}]},{\"@type\":\"WebSite\",\"@id\":\"https:\/\/suncert-marinetech.com\/#website\",\"url\":\"https:\/\/suncert-marinetech.com\/\",\"name\":\"Sun Cert MarineTech\",\"description\":\"Marine Technical Services\",\"publisher\":{\"@id\":\"https:\/\/suncert-marinetech.com\/#organization\"},\"potentialAction\":[{\"@type\":\"SearchAction\",\"target\":{\"@type\":\"EntryPoint\",\"urlTemplate\":\"https:\/\/suncert-marinetech.com\/?s={search_term_string}\"},\"query-input\":\"required name=search_term_string\"}],\"inLanguage\":\"ro-RO\"},{\"@type\":\"Organization\",\"@id\":\"https:\/\/suncert-marinetech.com\/#organization\",\"name\":\"Sun Cert MarineTech\",\"url\":\"https:\/\/suncert-marinetech.com\/\",\"logo\":{\"@type\":\"ImageObject\",\"inLanguage\":\"ro-RO\",\"@id\":\"https:\/\/suncert-marinetech.com\/#\/schema\/logo\/image\/\",\"url\":\"https:\/\/suncert-marinetech.com\/wp-content\/uploads\/2023\/10\/logo-marinetech-aa-bb.png\",\"contentUrl\":\"https:\/\/suncert-marinetech.com\/wp-content\/uploads\/2023\/10\/logo-marinetech-aa-bb.png\",\"width\":297,\"height\":242,\"caption\":\"Sun Cert MarineTech\"},\"image\":{\"@id\":\"https:\/\/suncert-marinetech.com\/#\/schema\/logo\/image\/\"}}]}<\/script>\n<!-- \/ Yoast SEO plugin. -->","yoast_head_json":{"title":"Sun Cert MarineTech - Marine Technical Services by a certified company","description":"Specialized in Vessel Inspections and Surveys, Technical Superintendency, Marine Support Repairs and Technical Ship Management.","robots":{"index":"index","follow":"follow","max-snippet":"max-snippet:-1","max-image-preview":"max-image-preview:large","max-video-preview":"max-video-preview:-1"},"canonical":"https:\/\/suncert-marinetech.com\/ro\/about-us\/","og_locale":"ro_RO","og_type":"article","og_title":"Sun Cert MarineTech - Marine Technical Services by a certified company","og_description":"Specialized in Vessel Inspections and Surveys, Technical Superintendency, Marine Support Repairs and Technical Ship Management.","og_url":"https:\/\/suncert-marinetech.com\/ro\/about-us\/","og_site_name":"Sun Cert MarineTech","article_modified_time":"2023-10-16T13:42:17+00:00","og_image":[{"width":1440,"height":716,"url":"https:\/\/suncert-marinetech.com\/wp-content\/uploads\/2023\/10\/home-00-aa1.jpg","type":"image\/jpeg"}],"twitter_card":"summary_large_image","twitter_misc":{"Timp estimat pentru citire":"2 minute"},"schema":{"@context":"https:\/\/schema.org","@graph":[{"@type":"WebPage","@id":"https:\/\/suncert-marinetech.com\/about-us\/","url":"https:\/\/suncert-marinetech.com\/about-us\/","name":"Sun Cert MarineTech - Marine Technical Services by a certified company","isPartOf":{"@id":"https:\/\/suncert-marinetech.com\/#website"},"datePublished":"2022-03-31T06:13:25+00:00","dateModified":"2023-10-16T13:42:17+00:00","description":"Specialized in Vessel Inspections and Surveys, Technical Superintendency, Marine Support Repairs and Technical Ship Management.","breadcrumb":{"@id":"https:\/\/suncert-marinetech.com\/about-us\/#breadcrumb"},"inLanguage":"ro-RO","potentialAction":[{"@type":"ReadAction","target":["https:\/\/suncert-marinetech.com\/about-us\/"]}]},{"@type":"BreadcrumbList","@id":"https:\/\/suncert-marinetech.com\/about-us\/#breadcrumb","itemListElement":[{"@type":"ListItem","position":1,"name":"Home","item":"https:\/\/suncert-marinetech.com\/"},{"@type":"ListItem","position":2,"name":"About Us"}]},{"@type":"WebSite","@id":"https:\/\/suncert-marinetech.com\/#website","url":"https:\/\/suncert-marinetech.com\/","name":"Sun Cert MarineTech","description":"Marine Technical Services","publisher":{"@id":"https:\/\/suncert-marinetech.com\/#organization"},"potentialAction":[{"@type":"SearchAction","target":{"@type":"EntryPoint","urlTemplate":"https:\/\/suncert-marinetech.com\/?s={search_term_string}"},"query-input":"required name=search_term_string"}],"inLanguage":"ro-RO"},{"@type":"Organization","@id":"https:\/\/suncert-marinetech.com\/#organization","name":"Sun Cert MarineTech","url":"https:\/\/suncert-marinetech.com\/","logo":{"@type":"ImageObject","inLanguage":"ro-RO","@id":"https:\/\/suncert-marinetech.com\/#\/schema\/logo\/image\/","url":"https:\/\/suncert-marinetech.com\/wp-content\/uploads\/2023\/10\/logo-marinetech-aa-bb.png","contentUrl":"https:\/\/suncert-marinetech.com\/wp-content\/uploads\/2023\/10\/logo-marinetech-aa-bb.png","width":297,"height":242,"caption":"Sun Cert MarineTech"},"image":{"@id":"https:\/\/suncert-marinetech.com\/#\/schema\/logo\/image\/"}}]}},"_links":{"self":[{"href":"https:\/\/suncert-marinetech.com\/ro\/wp-json\/wp\/v2\/pages\/1052","targetHints":{"allow":["GET"]}}],"collection":[{"href":"https:\/\/suncert-marinetech.com\/ro\/wp-json\/wp\/v2\/pages"}],"about":[{"href":"https:\/\/suncert-marinetech.com\/ro\/wp-json\/wp\/v2\/types\/page"}],"author":[{"embeddable":true,"href":"https:\/\/suncert-marinetech.com\/ro\/wp-json\/wp\/v2\/users\/1"}],"replies":[{"embeddable":true,"href":"https:\/\/suncert-marinetech.com\/ro\/wp-json\/wp\/v2\/comments?post=1052"}],"version-history":[{"count":27,"href":"https:\/\/suncert-marinetech.com\/ro\/wp-json\/wp\/v2\/pages\/1052\/revisions"}],"predecessor-version":[{"id":2411,"href":"https:\/\/suncert-marinetech.com\/ro\/wp-json\/wp\/v2\/pages\/1052\/revisions\/2411"}],"wp:featuredmedia":[{"embeddable":true,"href":"https:\/\/suncert-marinetech.com\/ro\/wp-json\/wp\/v2\/media\/2380"}],"wp:attachment":[{"href":"https:\/\/suncert-marinetech.com\/ro\/wp-json\/wp\/v2\/media?parent=1052"}],"curies":[{"name":"wp","href":"https:\/\/api.w.org\/{rel}","templated":true}]}}